{"id":872,"date":"2021-07-30T14:34:49","date_gmt":"2021-07-30T17:34:49","guid":{"rendered":"http:\/\/localhost\/usiesp\/?page_id=872"},"modified":"2023-03-09T15:43:39","modified_gmt":"2023-03-09T18:43:39","slug":"pintura","status":"publish","type":"page","link":"https:\/\/prousiesp.com.br\/pt_br\/servicos\/pintura\/","title":{"rendered":"Pintura"},"content":{"rendered":"\t\t<div data-elementor-type=\"wp-page\" data-elementor-id=\"872\" class=\"elementor elementor-872\" data-elementor-post-type=\"page\">\n\t\t\t\t<div class=\"elementor-element elementor-element-7913250 e-flex e-con-boxed e-con e-parent\" data-id=\"7913250\" data-element_type=\"container\">\n\t\t\t\t\t<div class=\"e-con-inner\">\n\t\t<div class=\"elementor-element elementor-element-90630e0 e-con-full e-flex e-con e-child\" data-id=\"90630e0\" data-element_type=\"container\">\n\t\t\t\t<div class=\"elementor-element elementor-element-8c7c824 elementor-widget elementor-widget-heading\" data-id=\"8c7c824\" data-element_type=\"widget\" data-widget_type=\"heading.default\">\n\t\t\t\t<div class=\"elementor-widget-container\">\n\t\t\t\t\t<h2 class=\"elementor-heading-title elementor-size-medium\">Pintura<\/h2>\t\t\t\t<\/div>\n\t\t\t\t<\/div>\n\t\t\t\t<div class=\"elementor-element elementor-element-bec8134 elementor-widget-divider--view-line elementor-widget elementor-widget-divider\" data-id=\"bec8134\" data-element_type=\"widget\" data-widget_type=\"divider.default\">\n\t\t\t\t<div class=\"elementor-widget-container\">\n\t\t\t\t\t\t\t<div class=\"elementor-divider\">\n\t\t\t<span class=\"elementor-divider-separator\">\n\t\t\t\t\t\t<\/span>\n\t\t<\/div>\n\t\t\t\t\t\t<\/div>\n\t\t\t\t<\/div>\n\t\t\t\t<div class=\"elementor-element elementor-element-a59ce12 elementor-widget elementor-widget-heading\" data-id=\"a59ce12\" data-element_type=\"widget\" data-widget_type=\"heading.default\">\n\t\t\t\t<div class=\"elementor-widget-container\">\n\t\t\t\t\t<h2 class=\"elementor-heading-title elementor-size-default\">Revestimento e Pintura<\/h2>\t\t\t\t<\/div>\n\t\t\t\t<\/div>\n\t\t\t\t<div class=\"elementor-element elementor-element-d83f618 elementor-widget elementor-widget-text-editor\" data-id=\"d83f618\" data-element_type=\"widget\" data-widget_type=\"text-editor.default\">\n\t\t\t\t<div class=\"elementor-widget-container\">\n\t\t\t\t\t\t\t\t\t<p>\u00c1rea de pintura para servi\u00e7os de Jateamento com granalha de a\u00e7o, Prime, Ep\u00f3xi e Servi\u00e7os de Inspe\u00e7\u00e3o de pintura.<\/p>\t\t\t\t\t\t\t\t<\/div>\n\t\t\t\t<\/div>\n\t\t\t\t<\/div>\n\t\t<div class=\"elementor-element elementor-element-3591f69 e-con-full e-flex e-con e-child\" data-id=\"3591f69\" data-element_type=\"container\">\n\t\t\t\t<div class=\"elementor-element elementor-element-8e8456d elementor-widget elementor-widget-video\" data-id=\"8e8456d\" data-element_type=\"widget\" data-settings=\"{&quot;video_type&quot;:&quot;hosted&quot;,&quot;autoplay&quot;:&quot;yes&quot;,&quot;play_on_mobile&quot;:&quot;yes&quot;,&quot;mute&quot;:&quot;yes&quot;,&quot;loop&quot;:&quot;yes&quot;,&quot;show_image_overlay&quot;:&quot;yes&quot;,&quot;image_overlay&quot;:{&quot;url&quot;:&quot;&quot;,&quot;id&quot;:&quot;&quot;,&quot;size&quot;:&quot;&quot;,&quot;alt&quot;:&quot;&quot;,&quot;source&quot;:&quot;library&quot;},&quot;controls&quot;:&quot;yes&quot;}\" data-widget_type=\"video.default\">\n\t\t\t\t<div class=\"elementor-widget-container\">\n\t\t\t\t\t\t\t<div class=\"e-hosted-video elementor-wrapper elementor-open-inline\">\n\t\t\t\t\t<video class=\"elementor-video\" src=\"http:\/\/prousiesp.com.br\/wp-content\/uploads\/2021\/07\/pintura.mp4\" autoplay=\"\" loop=\"\" controls=\"\" muted=\"muted\" playsinline=\"\" controlsList=\"nodownload\"><\/video>\n\t\t\t\t<\/div>\n\t\t\t\t\t\t<\/div>\n\t\t\t\t<\/div>\n\t\t\t\t<\/div>\n\t\t\t\t\t<\/div>\n\t\t\t\t<\/div>\n\t\t<div class=\"elementor-element elementor-element-376a94a animated-slow e-con-full e-flex elementor-invisible e-con e-parent\" data-id=\"376a94a\" data-element_type=\"container\" data-settings=\"{&quot;animation&quot;:&quot;fadeIn&quot;}\">\n\t\t<div class=\"elementor-element elementor-element-f677c4d e-con-full e-flex e-con e-child\" data-id=\"f677c4d\" data-element_type=\"container\">\n\t\t\t\t<div class=\"elementor-element elementor-element-af79c20 elementor-widget elementor-widget-image\" data-id=\"af79c20\" data-element_type=\"widget\" data-widget_type=\"image.default\">\n\t\t\t\t<div class=\"elementor-widget-container\">\n\t\t\t\t\t\t\t\t\t\t\t\t\t\t\t\t<a href=\"http:\/\/prousiesp.com.br\/wp-content\/uploads\/2021\/08\/Imagem-1.jpg\" data-elementor-open-lightbox=\"yes\" data-elementor-lightbox-title=\"Pintura Usiesp\" data-e-action-hash=\"#elementor-action%3Aaction%3Dlightbox%26settings%3DeyJpZCI6MTQyNSwidXJsIjoiaHR0cHM6XC9cL3Byb3VzaWVzcC5jb20uYnJcL3dwLWNvbnRlbnRcL3VwbG9hZHNcLzIwMjFcLzA4XC9JbWFnZW0tMS5qcGcifQ%3D%3D\">\n\t\t\t\t\t\t\t<img decoding=\"async\" src=\"https:\/\/prousiesp.com.br\/wp-content\/uploads\/elementor\/thumbs\/Imagem-1-pbuyi2z1puv3tbjer91zo1talkayl0u9kj5c9n9z8g.jpg\" title=\"Pintura Usiesp\" alt=\"Pintura Usiesp\" class=\"elementor-animation-shrink\" loading=\"lazy\" \/>\t\t\t\t\t\t\t\t<\/a>\n\t\t\t\t\t\t\t\t\t\t\t\t\t\t\t<\/div>\n\t\t\t\t<\/div>\n\t\t\t\t<\/div>\n\t\t<div class=\"elementor-element elementor-element-51c88c9 e-con-full e-flex e-con e-child\" data-id=\"51c88c9\" data-element_type=\"container\">\n\t\t\t\t<div class=\"elementor-element elementor-element-7e9dd7f elementor-widget elementor-widget-image\" data-id=\"7e9dd7f\" data-element_type=\"widget\" data-widget_type=\"image.default\">\n\t\t\t\t<div class=\"elementor-widget-container\">\n\t\t\t\t\t\t\t\t\t\t\t\t\t\t\t\t<a href=\"http:\/\/prousiesp.com.br\/wp-content\/uploads\/2021\/08\/Imagem-2.jpg\" data-elementor-open-lightbox=\"yes\" data-elementor-lightbox-title=\"Pintura Usiesp\" data-e-action-hash=\"#elementor-action%3Aaction%3Dlightbox%26settings%3DeyJpZCI6MTQyNiwidXJsIjoiaHR0cHM6XC9cL3Byb3VzaWVzcC5jb20uYnJcL3dwLWNvbnRlbnRcL3VwbG9hZHNcLzIwMjFcLzA4XC9JbWFnZW0tMi5qcGcifQ%3D%3D\">\n\t\t\t\t\t\t\t<img decoding=\"async\" src=\"https:\/\/prousiesp.com.br\/wp-content\/uploads\/elementor\/thumbs\/Imagem-2-pbuyilrtijku9is3ph6j1x2ih9qauywwb471v6i3s0.jpg\" title=\"Pintura Usiesp\" alt=\"Pintura Usiesp\" class=\"elementor-animation-shrink\" loading=\"lazy\" \/>\t\t\t\t\t\t\t\t<\/a>\n\t\t\t\t\t\t\t\t\t\t\t\t\t\t\t<\/div>\n\t\t\t\t<\/div>\n\t\t\t\t<\/div>\n\t\t<div class=\"elementor-element elementor-element-c52e4cd e-con-full e-flex e-con e-child\" data-id=\"c52e4cd\" data-element_type=\"container\">\n\t\t\t\t<div class=\"elementor-element elementor-element-2eeda50 elementor-widget elementor-widget-image\" data-id=\"2eeda50\" data-element_type=\"widget\" data-widget_type=\"image.default\">\n\t\t\t\t<div class=\"elementor-widget-container\">\n\t\t\t\t\t\t\t\t\t\t\t\t\t\t\t\t<a href=\"http:\/\/prousiesp.com.br\/wp-content\/uploads\/2021\/08\/Imagem-3.jpg\" data-elementor-open-lightbox=\"yes\" data-elementor-lightbox-title=\"Imagem 3\" data-e-action-hash=\"#elementor-action%3Aaction%3Dlightbox%26settings%3DeyJpZCI6MTQyNywidXJsIjoiaHR0cHM6XC9cL3Byb3VzaWVzcC5jb20uYnJcL3dwLWNvbnRlbnRcL3VwbG9hZHNcLzIwMjFcLzA4XC9JbWFnZW0tMy5qcGcifQ%3D%3D\">\n\t\t\t\t\t\t\t<img decoding=\"async\" src=\"https:\/\/prousiesp.com.br\/wp-content\/uploads\/elementor\/thumbs\/Imagem-3-pbuyj4klb8akpq0snpb2fsbqcz5n4wzj1p8rgpq8bk.jpg\" title=\"Imagem 3\" alt=\"Imagem 3\" class=\"elementor-animation-shrink\" loading=\"lazy\" \/>\t\t\t\t\t\t\t\t<\/a>\n\t\t\t\t\t\t\t\t\t\t\t\t\t\t\t<\/div>\n\t\t\t\t<\/div>\n\t\t\t\t<\/div>\n\t\t<div class=\"elementor-element elementor-element-17638f1 e-con-full e-flex e-con e-child\" data-id=\"17638f1\" data-element_type=\"container\">\n\t\t\t\t<div class=\"elementor-element elementor-element-e370021 elementor-widget elementor-widget-image\" data-id=\"e370021\" data-element_type=\"widget\" data-widget_type=\"image.default\">\n\t\t\t\t<div class=\"elementor-widget-container\">\n\t\t\t\t\t\t\t\t\t\t\t\t\t\t\t\t<a href=\"http:\/\/prousiesp.com.br\/wp-content\/uploads\/2021\/08\/Pecas-086-1-scaled.jpg\" data-elementor-open-lightbox=\"yes\" data-elementor-lightbox-title=\"Pintura Usiesp\" data-e-action-hash=\"#elementor-action%3Aaction%3Dlightbox%26settings%3DeyJpZCI6MTMyNSwidXJsIjoiaHR0cHM6XC9cL3Byb3VzaWVzcC5jb20uYnJcL3dwLWNvbnRlbnRcL3VwbG9hZHNcLzIwMjFcLzA4XC9QZWNhcy0wODYtMS1zY2FsZWQuanBnIn0%3D\">\n\t\t\t\t\t\t\t<img decoding=\"async\" src=\"https:\/\/prousiesp.com.br\/wp-content\/uploads\/elementor\/thumbs\/Pecas-086-1-scaled-pbrjtvss5lf4jebc9bpbxgnwgb6sf2u32dhvir7wyo.jpg\" title=\"Pintura Usiesp\" alt=\"Pintura Usiesp\" class=\"elementor-animation-shrink\" loading=\"lazy\" \/>\t\t\t\t\t\t\t\t<\/a>\n\t\t\t\t\t\t\t\t\t\t\t\t\t\t\t<\/div>\n\t\t\t\t<\/div>\n\t\t\t\t<\/div>\n\t\t\t\t<\/div>\n\t\t\t\t<\/div>\n\t\t","protected":false},"excerpt":{"rendered":"<p>Pintura Revestimento e Pintura \u00c1rea de pintura para servi\u00e7os de Jateamento com granalha de a\u00e7o, Prime, Ep\u00f3xi e Servi\u00e7os de Inspe\u00e7\u00e3o de pintura. http:\/\/prousiesp.com.br\/wp-content\/uploads\/2021\/07\/pintura.mp4<\/p>\n","protected":false},"author":1,"featured_media":0,"parent":65,"menu_order":0,"comment_status":"closed","ping_status":"closed","template":"","meta":{"footnotes":""},"class_list":["post-872","page","type-page","status-publish","hentry"],"yoast_head":"<!-- This site is optimized with the Yoast SEO plugin v26.9 - https:\/\/yoast.com\/product\/yoast-seo-wordpress\/ -->\n<title>Pintura &amp; Revestimento - Prousiesp Usinagens Especiais e Caldeiraria<\/title>\n<meta name=\"description\" content=\"A Usiesp \u00e9 uma empresa localizada em Valinhos-SP e \u00e9 especializada em Usinagem, Caldeiraria, Revestimento (cladding) e Pintura\" \/>\n<meta name=\"robots\" content=\"index, follow, max-snippet:-1, max-image-preview:large, max-video-preview:-1\" \/>\n<link rel=\"canonical\" href=\"https:\/\/prousiesp.com.br\/pt_br\/servicos\/pintura\/\" \/>\n<meta property=\"og:locale\" content=\"pt_BR\" \/>\n<meta property=\"og:type\" content=\"article\" \/>\n<meta property=\"og:title\" content=\"Pintura &amp; Revestimento - Prousiesp Usinagens Especiais e Caldeiraria\" \/>\n<meta property=\"og:description\" content=\"A Usiesp \u00e9 uma empresa localizada em Valinhos-SP e \u00e9 especializada em Usinagem, Caldeiraria, Revestimento (cladding) e Pintura\" \/>\n<meta property=\"og:url\" content=\"https:\/\/prousiesp.com.br\/pt_br\/servicos\/pintura\/\" \/>\n<meta property=\"og:site_name\" content=\"Prousiesp\" \/>\n<meta property=\"article:modified_time\" content=\"2023-03-09T18:43:39+00:00\" \/>\n<meta property=\"og:image\" content=\"http:\/\/prousiesp.com.br\/wp-content\/uploads\/elementor\/thumbs\/Imagem-1-pbuyi2z1puv3tbjer91zo1talkayl0u9kj5c9n9z8g.jpg\" \/>\n<meta name=\"twitter:card\" content=\"summary_large_image\" \/>\n<meta name=\"twitter:label1\" content=\"Est. tempo de leitura\" \/>\n\t<meta name=\"twitter:data1\" content=\"1 minuto\" \/>\n<script type=\"application\/ld+json\" class=\"yoast-schema-graph\">{\"@context\":\"https:\/\/schema.org\",\"@graph\":[{\"@type\":\"WebPage\",\"@id\":\"https:\/\/prousiesp.com.br\/servicos\/pintura\/\",\"url\":\"https:\/\/prousiesp.com.br\/servicos\/pintura\/\",\"name\":\"Pintura & Revestimento - Prousiesp Usinagens Especiais e Caldeiraria\",\"isPartOf\":{\"@id\":\"https:\/\/prousiesp.com.br\/#website\"},\"primaryImageOfPage\":{\"@id\":\"https:\/\/prousiesp.com.br\/servicos\/pintura\/#primaryimage\"},\"image\":{\"@id\":\"https:\/\/prousiesp.com.br\/servicos\/pintura\/#primaryimage\"},\"thumbnailUrl\":\"http:\/\/prousiesp.com.br\/wp-content\/uploads\/elementor\/thumbs\/Imagem-1-pbuyi2z1puv3tbjer91zo1talkayl0u9kj5c9n9z8g.jpg\",\"datePublished\":\"2021-07-30T17:34:49+00:00\",\"dateModified\":\"2023-03-09T18:43:39+00:00\",\"description\":\"A Usiesp \u00e9 uma empresa localizada em Valinhos-SP e \u00e9 especializada em Usinagem, Caldeiraria, Revestimento (cladding) e Pintura\",\"breadcrumb\":{\"@id\":\"https:\/\/prousiesp.com.br\/servicos\/pintura\/#breadcrumb\"},\"inLanguage\":\"pt-BR\",\"potentialAction\":[{\"@type\":\"ReadAction\",\"target\":[\"https:\/\/prousiesp.com.br\/servicos\/pintura\/\"]}]},{\"@type\":\"ImageObject\",\"inLanguage\":\"pt-BR\",\"@id\":\"https:\/\/prousiesp.com.br\/servicos\/pintura\/#primaryimage\",\"url\":\"http:\/\/prousiesp.com.br\/wp-content\/uploads\/elementor\/thumbs\/Imagem-1-pbuyi2z1puv3tbjer91zo1talkayl0u9kj5c9n9z8g.jpg\",\"contentUrl\":\"http:\/\/prousiesp.com.br\/wp-content\/uploads\/elementor\/thumbs\/Imagem-1-pbuyi2z1puv3tbjer91zo1talkayl0u9kj5c9n9z8g.jpg\"},{\"@type\":\"BreadcrumbList\",\"@id\":\"https:\/\/prousiesp.com.br\/servicos\/pintura\/#breadcrumb\",\"itemListElement\":[{\"@type\":\"ListItem\",\"position\":1,\"name\":\"In\u00edcio\",\"item\":\"https:\/\/prousiesp.com.br\/pt_br\/\"},{\"@type\":\"ListItem\",\"position\":2,\"name\":\"Servi\u00e7os\",\"item\":\"https:\/\/prousiesp.com.br\/pt_br\/?page_id=65\"},{\"@type\":\"ListItem\",\"position\":3,\"name\":\"Pintura\"}]},{\"@type\":\"WebSite\",\"@id\":\"https:\/\/prousiesp.com.br\/#website\",\"url\":\"https:\/\/prousiesp.com.br\/\",\"name\":\"Prousiesp\",\"description\":\"Ind\u00fastria Especializada em Usinagem &amp; Caldeiraria\",\"publisher\":{\"@id\":\"https:\/\/prousiesp.com.br\/#organization\"},\"potentialAction\":[{\"@type\":\"SearchAction\",\"target\":{\"@type\":\"EntryPoint\",\"urlTemplate\":\"https:\/\/prousiesp.com.br\/?s={search_term_string}\"},\"query-input\":{\"@type\":\"PropertyValueSpecification\",\"valueRequired\":true,\"valueName\":\"search_term_string\"}}],\"inLanguage\":\"pt-BR\"},{\"@type\":\"Organization\",\"@id\":\"https:\/\/prousiesp.com.br\/#organization\",\"name\":\"Prousiesp\",\"url\":\"https:\/\/prousiesp.com.br\/\",\"logo\":{\"@type\":\"ImageObject\",\"inLanguage\":\"pt-BR\",\"@id\":\"https:\/\/prousiesp.com.br\/#\/schema\/logo\/image\/\",\"url\":\"https:\/\/prousiesp.com.br\/wp-content\/uploads\/2021\/07\/prousiesp-progroup-2.png\",\"contentUrl\":\"https:\/\/prousiesp.com.br\/wp-content\/uploads\/2021\/07\/prousiesp-progroup-2.png\",\"width\":215,\"height\":95,\"caption\":\"Prousiesp\"},\"image\":{\"@id\":\"https:\/\/prousiesp.com.br\/#\/schema\/logo\/image\/\"}}]}<\/script>\n<!-- \/ Yoast SEO plugin. -->","yoast_head_json":{"title":"Pintura & Revestimento - Prousiesp Usinagens Especiais e Caldeiraria","description":"A Usiesp \u00e9 uma empresa localizada em Valinhos-SP e \u00e9 especializada em Usinagem, Caldeiraria, Revestimento (cladding) e Pintura","robots":{"index":"index","follow":"follow","max-snippet":"max-snippet:-1","max-image-preview":"max-image-preview:large","max-video-preview":"max-video-preview:-1"},"canonical":"https:\/\/prousiesp.com.br\/pt_br\/servicos\/pintura\/","og_locale":"pt_BR","og_type":"article","og_title":"Pintura & Revestimento - Prousiesp Usinagens Especiais e Caldeiraria","og_description":"A Usiesp \u00e9 uma empresa localizada em Valinhos-SP e \u00e9 especializada em Usinagem, Caldeiraria, Revestimento (cladding) e Pintura","og_url":"https:\/\/prousiesp.com.br\/pt_br\/servicos\/pintura\/","og_site_name":"Prousiesp","article_modified_time":"2023-03-09T18:43:39+00:00","og_image":[{"url":"http:\/\/prousiesp.com.br\/wp-content\/uploads\/elementor\/thumbs\/Imagem-1-pbuyi2z1puv3tbjer91zo1talkayl0u9kj5c9n9z8g.jpg","type":"","width":"","height":""}],"twitter_card":"summary_large_image","twitter_misc":{"Est. tempo de leitura":"1 minuto"},"schema":{"@context":"https:\/\/schema.org","@graph":[{"@type":"WebPage","@id":"https:\/\/prousiesp.com.br\/servicos\/pintura\/","url":"https:\/\/prousiesp.com.br\/servicos\/pintura\/","name":"Pintura & Revestimento - Prousiesp Usinagens Especiais e Caldeiraria","isPartOf":{"@id":"https:\/\/prousiesp.com.br\/#website"},"primaryImageOfPage":{"@id":"https:\/\/prousiesp.com.br\/servicos\/pintura\/#primaryimage"},"image":{"@id":"https:\/\/prousiesp.com.br\/servicos\/pintura\/#primaryimage"},"thumbnailUrl":"http:\/\/prousiesp.com.br\/wp-content\/uploads\/elementor\/thumbs\/Imagem-1-pbuyi2z1puv3tbjer91zo1talkayl0u9kj5c9n9z8g.jpg","datePublished":"2021-07-30T17:34:49+00:00","dateModified":"2023-03-09T18:43:39+00:00","description":"A Usiesp \u00e9 uma empresa localizada em Valinhos-SP e \u00e9 especializada em Usinagem, Caldeiraria, Revestimento (cladding) e Pintura","breadcrumb":{"@id":"https:\/\/prousiesp.com.br\/servicos\/pintura\/#breadcrumb"},"inLanguage":"pt-BR","potentialAction":[{"@type":"ReadAction","target":["https:\/\/prousiesp.com.br\/servicos\/pintura\/"]}]},{"@type":"ImageObject","inLanguage":"pt-BR","@id":"https:\/\/prousiesp.com.br\/servicos\/pintura\/#primaryimage","url":"http:\/\/prousiesp.com.br\/wp-content\/uploads\/elementor\/thumbs\/Imagem-1-pbuyi2z1puv3tbjer91zo1talkayl0u9kj5c9n9z8g.jpg","contentUrl":"http:\/\/prousiesp.com.br\/wp-content\/uploads\/elementor\/thumbs\/Imagem-1-pbuyi2z1puv3tbjer91zo1talkayl0u9kj5c9n9z8g.jpg"},{"@type":"BreadcrumbList","@id":"https:\/\/prousiesp.com.br\/servicos\/pintura\/#breadcrumb","itemListElement":[{"@type":"ListItem","position":1,"name":"In\u00edcio","item":"https:\/\/prousiesp.com.br\/pt_br\/"},{"@type":"ListItem","position":2,"name":"Servi\u00e7os","item":"https:\/\/prousiesp.com.br\/pt_br\/?page_id=65"},{"@type":"ListItem","position":3,"name":"Pintura"}]},{"@type":"WebSite","@id":"https:\/\/prousiesp.com.br\/#website","url":"https:\/\/prousiesp.com.br\/","name":"Prousiesp","description":"Ind\u00fastria Especializada em Usinagem &amp; Caldeiraria","publisher":{"@id":"https:\/\/prousiesp.com.br\/#organization"},"potentialAction":[{"@type":"SearchAction","target":{"@type":"EntryPoint","urlTemplate":"https:\/\/prousiesp.com.br\/?s={search_term_string}"},"query-input":{"@type":"PropertyValueSpecification","valueRequired":true,"valueName":"search_term_string"}}],"inLanguage":"pt-BR"},{"@type":"Organization","@id":"https:\/\/prousiesp.com.br\/#organization","name":"Prousiesp","url":"https:\/\/prousiesp.com.br\/","logo":{"@type":"ImageObject","inLanguage":"pt-BR","@id":"https:\/\/prousiesp.com.br\/#\/schema\/logo\/image\/","url":"https:\/\/prousiesp.com.br\/wp-content\/uploads\/2021\/07\/prousiesp-progroup-2.png","contentUrl":"https:\/\/prousiesp.com.br\/wp-content\/uploads\/2021\/07\/prousiesp-progroup-2.png","width":215,"height":95,"caption":"Prousiesp"},"image":{"@id":"https:\/\/prousiesp.com.br\/#\/schema\/logo\/image\/"}}]}},"_links":{"self":[{"href":"https:\/\/prousiesp.com.br\/pt_br\/wp-json\/wp\/v2\/pages\/872","targetHints":{"allow":["GET"]}}],"collection":[{"href":"https:\/\/prousiesp.com.br\/pt_br\/wp-json\/wp\/v2\/pages"}],"about":[{"href":"https:\/\/prousiesp.com.br\/pt_br\/wp-json\/wp\/v2\/types\/page"}],"author":[{"embeddable":true,"href":"https:\/\/prousiesp.com.br\/pt_br\/wp-json\/wp\/v2\/users\/1"}],"replies":[{"embeddable":true,"href":"https:\/\/prousiesp.com.br\/pt_br\/wp-json\/wp\/v2\/comments?post=872"}],"version-history":[{"count":0,"href":"https:\/\/prousiesp.com.br\/pt_br\/wp-json\/wp\/v2\/pages\/872\/revisions"}],"up":[{"embeddable":true,"href":"https:\/\/prousiesp.com.br\/pt_br\/wp-json\/wp\/v2\/pages\/65"}],"wp:attachment":[{"href":"https:\/\/prousiesp.com.br\/pt_br\/wp-json\/wp\/v2\/media?parent=872"}],"curies":[{"name":"wp","href":"https:\/\/api.w.org\/{rel}","templated":true}]}}