{"id":845,"date":"2021-07-30T13:50:38","date_gmt":"2021-07-30T16:50:38","guid":{"rendered":"http:\/\/localhost\/usiesp\/?page_id=845"},"modified":"2023-03-09T15:42:54","modified_gmt":"2023-03-09T18:42:54","slug":"cladding","status":"publish","type":"page","link":"https:\/\/prousiesp.com.br\/pt_br\/servicos\/cladding\/","title":{"rendered":"Cladding"},"content":{"rendered":"\t\t<div data-elementor-type=\"wp-page\" data-elementor-id=\"845\" class=\"elementor elementor-845\" data-elementor-post-type=\"page\">\n\t\t\t\t<div class=\"elementor-element elementor-element-dd91b57 e-flex e-con-boxed e-con e-parent\" data-id=\"dd91b57\" data-element_type=\"container\">\n\t\t\t\t\t<div class=\"e-con-inner\">\n\t\t<div class=\"elementor-element elementor-element-aeb635b e-con-full e-flex e-con e-child\" data-id=\"aeb635b\" data-element_type=\"container\">\n\t\t\t\t<div class=\"elementor-element elementor-element-eba9293 elementor-widget elementor-widget-heading\" data-id=\"eba9293\" data-element_type=\"widget\" data-widget_type=\"heading.default\">\n\t\t\t\t<div class=\"elementor-widget-container\">\n\t\t\t\t\t<h2 class=\"elementor-heading-title elementor-size-medium\">Cladding<\/h2>\t\t\t\t<\/div>\n\t\t\t\t<\/div>\n\t\t\t\t<div class=\"elementor-element elementor-element-5411582 elementor-widget-divider--view-line elementor-widget elementor-widget-divider\" data-id=\"5411582\" data-element_type=\"widget\" data-widget_type=\"divider.default\">\n\t\t\t\t<div class=\"elementor-widget-container\">\n\t\t\t\t\t\t\t<div class=\"elementor-divider\">\n\t\t\t<span class=\"elementor-divider-separator\">\n\t\t\t\t\t\t<\/span>\n\t\t<\/div>\n\t\t\t\t\t\t<\/div>\n\t\t\t\t<\/div>\n\t\t\t\t<div class=\"elementor-element elementor-element-3e71050 elementor-widget elementor-widget-heading\" data-id=\"3e71050\" data-element_type=\"widget\" data-widget_type=\"heading.default\">\n\t\t\t\t<div class=\"elementor-widget-container\">\n\t\t\t\t\t<h2 class=\"elementor-heading-title elementor-size-default\">Revestimento de solda em itens\nmet\u00e1licos e n\u00e3o met\u00e1licos<\/h2>\t\t\t\t<\/div>\n\t\t\t\t<\/div>\n\t\t\t\t<div class=\"elementor-element elementor-element-11e882f elementor-widget elementor-widget-text-editor\" data-id=\"11e882f\" data-element_type=\"widget\" data-widget_type=\"text-editor.default\">\n\t\t\t\t<div class=\"elementor-widget-container\">\n\t\t\t\t\t\t\t\t\t<p>A Prousiesp oferece servi\u00e7os de cladding de alta tecnologia, atendendo as necessidades de um mercado cada vez mais exigente.<\/p>\t\t\t\t\t\t\t\t<\/div>\n\t\t\t\t<\/div>\n\t\t\t\t<\/div>\n\t\t<div class=\"elementor-element elementor-element-009c0e5 e-con-full e-flex e-con e-child\" data-id=\"009c0e5\" data-element_type=\"container\">\n\t\t\t\t<div class=\"elementor-element elementor-element-09b36fd elementor-widget elementor-widget-video\" data-id=\"09b36fd\" data-element_type=\"widget\" data-settings=\"{&quot;video_type&quot;:&quot;hosted&quot;,&quot;autoplay&quot;:&quot;yes&quot;,&quot;play_on_mobile&quot;:&quot;yes&quot;,&quot;mute&quot;:&quot;yes&quot;,&quot;loop&quot;:&quot;yes&quot;,&quot;show_image_overlay&quot;:&quot;yes&quot;,&quot;image_overlay&quot;:{&quot;url&quot;:&quot;&quot;,&quot;id&quot;:&quot;&quot;,&quot;size&quot;:&quot;&quot;,&quot;alt&quot;:&quot;&quot;,&quot;source&quot;:&quot;library&quot;},&quot;controls&quot;:&quot;yes&quot;}\" data-widget_type=\"video.default\">\n\t\t\t\t<div class=\"elementor-widget-container\">\n\t\t\t\t\t\t\t<div class=\"e-hosted-video elementor-wrapper elementor-open-inline\">\n\t\t\t\t\t<video class=\"elementor-video\" src=\"http:\/\/prousiesp.com.br\/wp-content\/uploads\/2021\/07\/cladding-soldagem.mp4\" autoplay=\"\" loop=\"\" controls=\"\" muted=\"muted\" playsinline=\"\" controlsList=\"nodownload\"><\/video>\n\t\t\t\t<\/div>\n\t\t\t\t\t\t<\/div>\n\t\t\t\t<\/div>\n\t\t\t\t<\/div>\n\t\t\t\t\t<\/div>\n\t\t\t\t<\/div>\n\t\t<div class=\"elementor-element elementor-element-4f4d429 animated-slow e-con-full e-flex elementor-invisible e-con e-parent\" data-id=\"4f4d429\" data-element_type=\"container\" data-settings=\"{&quot;animation&quot;:&quot;fadeIn&quot;}\">\n\t\t<div class=\"elementor-element elementor-element-d596472 e-con-full e-flex e-con e-child\" data-id=\"d596472\" data-element_type=\"container\">\n\t\t\t\t<div class=\"elementor-element elementor-element-ea245b9 elementor-widget elementor-widget-image\" data-id=\"ea245b9\" data-element_type=\"widget\" data-widget_type=\"image.default\">\n\t\t\t\t<div class=\"elementor-widget-container\">\n\t\t\t\t\t\t\t\t\t\t\t\t\t\t\t\t<a href=\"http:\/\/prousiesp.com.br\/wp-content\/uploads\/2021\/07\/Soldagem-115.jpg\" data-elementor-open-lightbox=\"yes\" data-elementor-lightbox-title=\"Cladding Soldagem Usiesp\" data-e-action-hash=\"#elementor-action%3Aaction%3Dlightbox%26settings%3DeyJpZCI6ODQ3LCJ1cmwiOiJodHRwczpcL1wvcHJvdXNpZXNwLmNvbS5iclwvd3AtY29udGVudFwvdXBsb2Fkc1wvMjAyMVwvMDdcL1NvbGRhZ2VtLTExNS5qcGcifQ%3D%3D\">\n\t\t\t\t\t\t\t<img fetchpriority=\"high\" decoding=\"async\" width=\"800\" height=\"534\" src=\"https:\/\/prousiesp.com.br\/wp-content\/uploads\/2021\/07\/Soldagem-115-1024x683.jpg\" class=\"elementor-animation-shrink attachment-large size-large wp-image-847\" alt=\"\" srcset=\"https:\/\/prousiesp.com.br\/wp-content\/uploads\/2021\/07\/Soldagem-115-1024x683.jpg 1024w, https:\/\/prousiesp.com.br\/wp-content\/uploads\/2021\/07\/Soldagem-115-300x200.jpg 300w, https:\/\/prousiesp.com.br\/wp-content\/uploads\/2021\/07\/Soldagem-115-768x512.jpg 768w, https:\/\/prousiesp.com.br\/wp-content\/uploads\/2021\/07\/Soldagem-115-1536x1024.jpg 1536w, https:\/\/prousiesp.com.br\/wp-content\/uploads\/2021\/07\/Soldagem-115.jpg 1920w\" sizes=\"(max-width: 800px) 100vw, 800px\" \/>\t\t\t\t\t\t\t\t<\/a>\n\t\t\t\t\t\t\t\t\t\t\t\t\t\t\t<\/div>\n\t\t\t\t<\/div>\n\t\t\t\t<\/div>\n\t\t<div class=\"elementor-element elementor-element-0997a33 e-con-full e-flex e-con e-child\" data-id=\"0997a33\" data-element_type=\"container\">\n\t\t\t\t<div class=\"elementor-element elementor-element-5dbbe5a elementor-widget elementor-widget-image\" data-id=\"5dbbe5a\" data-element_type=\"widget\" data-widget_type=\"image.default\">\n\t\t\t\t<div class=\"elementor-widget-container\">\n\t\t\t\t\t\t\t\t\t\t\t\t\t\t\t\t<a href=\"http:\/\/prousiesp.com.br\/wp-content\/uploads\/2021\/07\/Soldagem-117.jpg\" data-elementor-open-lightbox=\"yes\" data-elementor-lightbox-title=\"Cladding Soldagem Usiesp\" data-e-action-hash=\"#elementor-action%3Aaction%3Dlightbox%26settings%3DeyJpZCI6ODQ4LCJ1cmwiOiJodHRwczpcL1wvcHJvdXNpZXNwLmNvbS5iclwvd3AtY29udGVudFwvdXBsb2Fkc1wvMjAyMVwvMDdcL1NvbGRhZ2VtLTExNy5qcGcifQ%3D%3D\">\n\t\t\t\t\t\t\t<img decoding=\"async\" width=\"800\" height=\"534\" src=\"https:\/\/prousiesp.com.br\/wp-content\/uploads\/2021\/07\/Soldagem-117-1024x683.jpg\" class=\"elementor-animation-shrink attachment-large size-large wp-image-848\" alt=\"\" srcset=\"https:\/\/prousiesp.com.br\/wp-content\/uploads\/2021\/07\/Soldagem-117-1024x683.jpg 1024w, https:\/\/prousiesp.com.br\/wp-content\/uploads\/2021\/07\/Soldagem-117-300x200.jpg 300w, https:\/\/prousiesp.com.br\/wp-content\/uploads\/2021\/07\/Soldagem-117-768x512.jpg 768w, https:\/\/prousiesp.com.br\/wp-content\/uploads\/2021\/07\/Soldagem-117-1536x1024.jpg 1536w, https:\/\/prousiesp.com.br\/wp-content\/uploads\/2021\/07\/Soldagem-117.jpg 1920w\" sizes=\"(max-width: 800px) 100vw, 800px\" \/>\t\t\t\t\t\t\t\t<\/a>\n\t\t\t\t\t\t\t\t\t\t\t\t\t\t\t<\/div>\n\t\t\t\t<\/div>\n\t\t\t\t<\/div>\n\t\t<div class=\"elementor-element elementor-element-88a49b2 e-con-full e-flex e-con e-child\" data-id=\"88a49b2\" data-element_type=\"container\">\n\t\t\t\t<div class=\"elementor-element elementor-element-5f35137 elementor-widget elementor-widget-image\" data-id=\"5f35137\" data-element_type=\"widget\" data-widget_type=\"image.default\">\n\t\t\t\t<div class=\"elementor-widget-container\">\n\t\t\t\t\t\t\t\t\t\t\t\t\t\t\t\t<a href=\"http:\/\/prousiesp.com.br\/wp-content\/uploads\/2021\/07\/Soldagem-124.jpg\" data-elementor-open-lightbox=\"yes\" data-elementor-lightbox-title=\"Cladding Soldagem Usiesp\" data-e-action-hash=\"#elementor-action%3Aaction%3Dlightbox%26settings%3DeyJpZCI6ODU1LCJ1cmwiOiJodHRwczpcL1wvcHJvdXNpZXNwLmNvbS5iclwvd3AtY29udGVudFwvdXBsb2Fkc1wvMjAyMVwvMDdcL1NvbGRhZ2VtLTEyNC5qcGcifQ%3D%3D\">\n\t\t\t\t\t\t\t<img decoding=\"async\" width=\"800\" height=\"534\" src=\"https:\/\/prousiesp.com.br\/wp-content\/uploads\/2021\/07\/Soldagem-124-1024x683.jpg\" class=\"elementor-animation-shrink attachment-large size-large wp-image-855\" alt=\"\" srcset=\"https:\/\/prousiesp.com.br\/wp-content\/uploads\/2021\/07\/Soldagem-124-1024x683.jpg 1024w, https:\/\/prousiesp.com.br\/wp-content\/uploads\/2021\/07\/Soldagem-124-300x200.jpg 300w, https:\/\/prousiesp.com.br\/wp-content\/uploads\/2021\/07\/Soldagem-124-768x512.jpg 768w, https:\/\/prousiesp.com.br\/wp-content\/uploads\/2021\/07\/Soldagem-124-1536x1024.jpg 1536w, https:\/\/prousiesp.com.br\/wp-content\/uploads\/2021\/07\/Soldagem-124.jpg 1920w\" sizes=\"(max-width: 800px) 100vw, 800px\" \/>\t\t\t\t\t\t\t\t<\/a>\n\t\t\t\t\t\t\t\t\t\t\t\t\t\t\t<\/div>\n\t\t\t\t<\/div>\n\t\t\t\t<\/div>\n\t\t<div class=\"elementor-element elementor-element-5f671bf e-con-full e-flex e-con e-child\" data-id=\"5f671bf\" data-element_type=\"container\">\n\t\t\t\t<div class=\"elementor-element elementor-element-d0c8a42 elementor-widget elementor-widget-image\" data-id=\"d0c8a42\" data-element_type=\"widget\" data-widget_type=\"image.default\">\n\t\t\t\t<div class=\"elementor-widget-container\">\n\t\t\t\t\t\t\t\t\t\t\t\t\t\t\t\t<a href=\"http:\/\/prousiesp.com.br\/wp-content\/uploads\/2021\/07\/Soldagem-126.jpg\" data-elementor-open-lightbox=\"yes\" data-elementor-lightbox-title=\"Cladding Soldagem Usiesp\" data-e-action-hash=\"#elementor-action%3Aaction%3Dlightbox%26settings%3DeyJpZCI6ODU2LCJ1cmwiOiJodHRwczpcL1wvcHJvdXNpZXNwLmNvbS5iclwvd3AtY29udGVudFwvdXBsb2Fkc1wvMjAyMVwvMDdcL1NvbGRhZ2VtLTEyNi5qcGcifQ%3D%3D\">\n\t\t\t\t\t\t\t<img loading=\"lazy\" decoding=\"async\" width=\"800\" height=\"534\" src=\"https:\/\/prousiesp.com.br\/wp-content\/uploads\/2021\/07\/Soldagem-126-1024x683.jpg\" class=\"elementor-animation-shrink attachment-large size-large wp-image-856\" alt=\"\" srcset=\"https:\/\/prousiesp.com.br\/wp-content\/uploads\/2021\/07\/Soldagem-126-1024x683.jpg 1024w, https:\/\/prousiesp.com.br\/wp-content\/uploads\/2021\/07\/Soldagem-126-300x200.jpg 300w, https:\/\/prousiesp.com.br\/wp-content\/uploads\/2021\/07\/Soldagem-126-768x512.jpg 768w, https:\/\/prousiesp.com.br\/wp-content\/uploads\/2021\/07\/Soldagem-126-1536x1024.jpg 1536w, https:\/\/prousiesp.com.br\/wp-content\/uploads\/2021\/07\/Soldagem-126.jpg 1920w\" sizes=\"(max-width: 800px) 100vw, 800px\" \/>\t\t\t\t\t\t\t\t<\/a>\n\t\t\t\t\t\t\t\t\t\t\t\t\t\t\t<\/div>\n\t\t\t\t<\/div>\n\t\t\t\t<\/div>\n\t\t\t\t<\/div>\n\t\t\t\t<\/div>\n\t\t","protected":false},"excerpt":{"rendered":"<p>Cladding Revestimento de solda em itens met\u00e1licos e n\u00e3o met\u00e1licos A Prousiesp oferece servi\u00e7os de cladding de alta tecnologia, atendendo as necessidades de um mercado cada vez mais exigente. http:\/\/prousiesp.com.br\/wp-content\/uploads\/2021\/07\/cladding-soldagem.mp4<\/p>\n","protected":false},"author":1,"featured_media":0,"parent":65,"menu_order":0,"comment_status":"closed","ping_status":"closed","template":"","meta":{"footnotes":""},"class_list":["post-845","page","type-page","status-publish","hentry"],"yoast_head":"<!-- This site is optimized with the Yoast SEO plugin v26.9 - https:\/\/yoast.com\/product\/yoast-seo-wordpress\/ -->\n<title>Cladding - Prousiesp Usinagens Especiais e Caldeiraria<\/title>\n<meta name=\"description\" content=\"A Usiesp \u00e9 uma empresa localizada em Valinhos-SP e \u00e9 especializada em Usinagem, Caldeiraria, Revestimento (cladding) e Pintura\" \/>\n<meta name=\"robots\" content=\"index, follow, max-snippet:-1, max-image-preview:large, max-video-preview:-1\" \/>\n<link rel=\"canonical\" href=\"https:\/\/prousiesp.com.br\/pt_br\/servicos\/cladding\/\" \/>\n<meta property=\"og:locale\" content=\"pt_BR\" \/>\n<meta property=\"og:type\" content=\"article\" \/>\n<meta property=\"og:title\" content=\"Cladding - Prousiesp Usinagens Especiais e Caldeiraria\" \/>\n<meta property=\"og:description\" content=\"A Usiesp \u00e9 uma empresa localizada em Valinhos-SP e \u00e9 especializada em Usinagem, Caldeiraria, Revestimento (cladding) e Pintura\" \/>\n<meta property=\"og:url\" content=\"https:\/\/prousiesp.com.br\/pt_br\/servicos\/cladding\/\" \/>\n<meta property=\"og:site_name\" content=\"Prousiesp\" \/>\n<meta property=\"article:modified_time\" content=\"2023-03-09T18:42:54+00:00\" \/>\n<meta property=\"og:image\" content=\"http:\/\/prousiesp.com.br\/wp-content\/uploads\/2021\/07\/Soldagem-115-1024x683.jpg\" \/>\n<meta name=\"twitter:card\" content=\"summary_large_image\" \/>\n<meta name=\"twitter:label1\" content=\"Est. tempo de leitura\" \/>\n\t<meta name=\"twitter:data1\" content=\"1 minuto\" \/>\n<script type=\"application\/ld+json\" class=\"yoast-schema-graph\">{\"@context\":\"https:\/\/schema.org\",\"@graph\":[{\"@type\":\"WebPage\",\"@id\":\"https:\/\/prousiesp.com.br\/en\/servicos\/cladding\/\",\"url\":\"https:\/\/prousiesp.com.br\/en\/servicos\/cladding\/\",\"name\":\"Cladding - Prousiesp Usinagens Especiais e Caldeiraria\",\"isPartOf\":{\"@id\":\"https:\/\/prousiesp.com.br\/#website\"},\"primaryImageOfPage\":{\"@id\":\"https:\/\/prousiesp.com.br\/en\/servicos\/cladding\/#primaryimage\"},\"image\":{\"@id\":\"https:\/\/prousiesp.com.br\/en\/servicos\/cladding\/#primaryimage\"},\"thumbnailUrl\":\"http:\/\/prousiesp.com.br\/wp-content\/uploads\/2021\/07\/Soldagem-115-1024x683.jpg\",\"datePublished\":\"2021-07-30T16:50:38+00:00\",\"dateModified\":\"2023-03-09T18:42:54+00:00\",\"description\":\"A Usiesp \u00e9 uma empresa localizada em Valinhos-SP e \u00e9 especializada em Usinagem, Caldeiraria, Revestimento (cladding) e Pintura\",\"breadcrumb\":{\"@id\":\"https:\/\/prousiesp.com.br\/en\/servicos\/cladding\/#breadcrumb\"},\"inLanguage\":\"pt-BR\",\"potentialAction\":[{\"@type\":\"ReadAction\",\"target\":[\"https:\/\/prousiesp.com.br\/en\/servicos\/cladding\/\"]}]},{\"@type\":\"ImageObject\",\"inLanguage\":\"pt-BR\",\"@id\":\"https:\/\/prousiesp.com.br\/en\/servicos\/cladding\/#primaryimage\",\"url\":\"http:\/\/prousiesp.com.br\/wp-content\/uploads\/2021\/07\/Soldagem-115-1024x683.jpg\",\"contentUrl\":\"http:\/\/prousiesp.com.br\/wp-content\/uploads\/2021\/07\/Soldagem-115-1024x683.jpg\"},{\"@type\":\"BreadcrumbList\",\"@id\":\"https:\/\/prousiesp.com.br\/en\/servicos\/cladding\/#breadcrumb\",\"itemListElement\":[{\"@type\":\"ListItem\",\"position\":1,\"name\":\"In\u00edcio\",\"item\":\"https:\/\/prousiesp.com.br\/pt_br\/\"},{\"@type\":\"ListItem\",\"position\":2,\"name\":\"Servi\u00e7os\",\"item\":\"https:\/\/prousiesp.com.br\/pt_br\/?page_id=65\"},{\"@type\":\"ListItem\",\"position\":3,\"name\":\"Cladding\"}]},{\"@type\":\"WebSite\",\"@id\":\"https:\/\/prousiesp.com.br\/#website\",\"url\":\"https:\/\/prousiesp.com.br\/\",\"name\":\"Prousiesp\",\"description\":\"Ind\u00fastria Especializada em Usinagem &amp; Caldeiraria\",\"publisher\":{\"@id\":\"https:\/\/prousiesp.com.br\/#organization\"},\"potentialAction\":[{\"@type\":\"SearchAction\",\"target\":{\"@type\":\"EntryPoint\",\"urlTemplate\":\"https:\/\/prousiesp.com.br\/?s={search_term_string}\"},\"query-input\":{\"@type\":\"PropertyValueSpecification\",\"valueRequired\":true,\"valueName\":\"search_term_string\"}}],\"inLanguage\":\"pt-BR\"},{\"@type\":\"Organization\",\"@id\":\"https:\/\/prousiesp.com.br\/#organization\",\"name\":\"Prousiesp\",\"url\":\"https:\/\/prousiesp.com.br\/\",\"logo\":{\"@type\":\"ImageObject\",\"inLanguage\":\"pt-BR\",\"@id\":\"https:\/\/prousiesp.com.br\/#\/schema\/logo\/image\/\",\"url\":\"https:\/\/prousiesp.com.br\/wp-content\/uploads\/2021\/07\/prousiesp-progroup-2.png\",\"contentUrl\":\"https:\/\/prousiesp.com.br\/wp-content\/uploads\/2021\/07\/prousiesp-progroup-2.png\",\"width\":215,\"height\":95,\"caption\":\"Prousiesp\"},\"image\":{\"@id\":\"https:\/\/prousiesp.com.br\/#\/schema\/logo\/image\/\"}}]}<\/script>\n<!-- \/ Yoast SEO plugin. -->","yoast_head_json":{"title":"Cladding - Prousiesp Usinagens Especiais e Caldeiraria","description":"A Usiesp \u00e9 uma empresa localizada em Valinhos-SP e \u00e9 especializada em Usinagem, Caldeiraria, Revestimento (cladding) e Pintura","robots":{"index":"index","follow":"follow","max-snippet":"max-snippet:-1","max-image-preview":"max-image-preview:large","max-video-preview":"max-video-preview:-1"},"canonical":"https:\/\/prousiesp.com.br\/pt_br\/servicos\/cladding\/","og_locale":"pt_BR","og_type":"article","og_title":"Cladding - Prousiesp Usinagens Especiais e Caldeiraria","og_description":"A Usiesp \u00e9 uma empresa localizada em Valinhos-SP e \u00e9 especializada em Usinagem, Caldeiraria, Revestimento (cladding) e Pintura","og_url":"https:\/\/prousiesp.com.br\/pt_br\/servicos\/cladding\/","og_site_name":"Prousiesp","article_modified_time":"2023-03-09T18:42:54+00:00","og_image":[{"url":"http:\/\/prousiesp.com.br\/wp-content\/uploads\/2021\/07\/Soldagem-115-1024x683.jpg","type":"","width":"","height":""}],"twitter_card":"summary_large_image","twitter_misc":{"Est. tempo de leitura":"1 minuto"},"schema":{"@context":"https:\/\/schema.org","@graph":[{"@type":"WebPage","@id":"https:\/\/prousiesp.com.br\/en\/servicos\/cladding\/","url":"https:\/\/prousiesp.com.br\/en\/servicos\/cladding\/","name":"Cladding - Prousiesp Usinagens Especiais e Caldeiraria","isPartOf":{"@id":"https:\/\/prousiesp.com.br\/#website"},"primaryImageOfPage":{"@id":"https:\/\/prousiesp.com.br\/en\/servicos\/cladding\/#primaryimage"},"image":{"@id":"https:\/\/prousiesp.com.br\/en\/servicos\/cladding\/#primaryimage"},"thumbnailUrl":"http:\/\/prousiesp.com.br\/wp-content\/uploads\/2021\/07\/Soldagem-115-1024x683.jpg","datePublished":"2021-07-30T16:50:38+00:00","dateModified":"2023-03-09T18:42:54+00:00","description":"A Usiesp \u00e9 uma empresa localizada em Valinhos-SP e \u00e9 especializada em Usinagem, Caldeiraria, Revestimento (cladding) e Pintura","breadcrumb":{"@id":"https:\/\/prousiesp.com.br\/en\/servicos\/cladding\/#breadcrumb"},"inLanguage":"pt-BR","potentialAction":[{"@type":"ReadAction","target":["https:\/\/prousiesp.com.br\/en\/servicos\/cladding\/"]}]},{"@type":"ImageObject","inLanguage":"pt-BR","@id":"https:\/\/prousiesp.com.br\/en\/servicos\/cladding\/#primaryimage","url":"http:\/\/prousiesp.com.br\/wp-content\/uploads\/2021\/07\/Soldagem-115-1024x683.jpg","contentUrl":"http:\/\/prousiesp.com.br\/wp-content\/uploads\/2021\/07\/Soldagem-115-1024x683.jpg"},{"@type":"BreadcrumbList","@id":"https:\/\/prousiesp.com.br\/en\/servicos\/cladding\/#breadcrumb","itemListElement":[{"@type":"ListItem","position":1,"name":"In\u00edcio","item":"https:\/\/prousiesp.com.br\/pt_br\/"},{"@type":"ListItem","position":2,"name":"Servi\u00e7os","item":"https:\/\/prousiesp.com.br\/pt_br\/?page_id=65"},{"@type":"ListItem","position":3,"name":"Cladding"}]},{"@type":"WebSite","@id":"https:\/\/prousiesp.com.br\/#website","url":"https:\/\/prousiesp.com.br\/","name":"Prousiesp","description":"Ind\u00fastria Especializada em Usinagem &amp; Caldeiraria","publisher":{"@id":"https:\/\/prousiesp.com.br\/#organization"},"potentialAction":[{"@type":"SearchAction","target":{"@type":"EntryPoint","urlTemplate":"https:\/\/prousiesp.com.br\/?s={search_term_string}"},"query-input":{"@type":"PropertyValueSpecification","valueRequired":true,"valueName":"search_term_string"}}],"inLanguage":"pt-BR"},{"@type":"Organization","@id":"https:\/\/prousiesp.com.br\/#organization","name":"Prousiesp","url":"https:\/\/prousiesp.com.br\/","logo":{"@type":"ImageObject","inLanguage":"pt-BR","@id":"https:\/\/prousiesp.com.br\/#\/schema\/logo\/image\/","url":"https:\/\/prousiesp.com.br\/wp-content\/uploads\/2021\/07\/prousiesp-progroup-2.png","contentUrl":"https:\/\/prousiesp.com.br\/wp-content\/uploads\/2021\/07\/prousiesp-progroup-2.png","width":215,"height":95,"caption":"Prousiesp"},"image":{"@id":"https:\/\/prousiesp.com.br\/#\/schema\/logo\/image\/"}}]}},"_links":{"self":[{"href":"https:\/\/prousiesp.com.br\/pt_br\/wp-json\/wp\/v2\/pages\/845","targetHints":{"allow":["GET"]}}],"collection":[{"href":"https:\/\/prousiesp.com.br\/pt_br\/wp-json\/wp\/v2\/pages"}],"about":[{"href":"https:\/\/prousiesp.com.br\/pt_br\/wp-json\/wp\/v2\/types\/page"}],"author":[{"embeddable":true,"href":"https:\/\/prousiesp.com.br\/pt_br\/wp-json\/wp\/v2\/users\/1"}],"replies":[{"embeddable":true,"href":"https:\/\/prousiesp.com.br\/pt_br\/wp-json\/wp\/v2\/comments?post=845"}],"version-history":[{"count":0,"href":"https:\/\/prousiesp.com.br\/pt_br\/wp-json\/wp\/v2\/pages\/845\/revisions"}],"up":[{"embeddable":true,"href":"https:\/\/prousiesp.com.br\/pt_br\/wp-json\/wp\/v2\/pages\/65"}],"wp:attachment":[{"href":"https:\/\/prousiesp.com.br\/pt_br\/wp-json\/wp\/v2\/media?parent=845"}],"curies":[{"name":"wp","href":"https:\/\/api.w.org\/{rel}","templated":true}]}}