{"id":2676,"date":"2024-09-20T14:20:45","date_gmt":"2024-09-20T17:20:45","guid":{"rendered":"https:\/\/prousiesp.com.br\/?page_id=2676"},"modified":"2024-09-20T14:25:23","modified_gmt":"2024-09-20T17:25:23","slug":"vaga-montador-mecanico","status":"publish","type":"page","link":"https:\/\/prousiesp.com.br\/pt_br\/vaga-montador-mecanico\/","title":{"rendered":"Vaga &#8211; MONTADOR MEC\u00c2NICO"},"content":{"rendered":"\t\t<div data-elementor-type=\"wp-page\" data-elementor-id=\"2676\" class=\"elementor elementor-2676\" data-elementor-post-type=\"page\">\n\t\t\t\t<div class=\"elementor-element elementor-element-c3ba4d2 e-flex e-con-boxed e-con e-parent\" data-id=\"c3ba4d2\" data-element_type=\"container\">\n\t\t\t\t\t<div class=\"e-con-inner\">\n\t\t\t\t<div class=\"elementor-element elementor-element-9ae7d42 elementor-widget elementor-widget-spacer\" data-id=\"9ae7d42\" data-element_type=\"widget\" data-widget_type=\"spacer.default\">\n\t\t\t\t<div class=\"elementor-widget-container\">\n\t\t\t\t\t\t\t<div class=\"elementor-spacer\">\n\t\t\t<div class=\"elementor-spacer-inner\"><\/div>\n\t\t<\/div>\n\t\t\t\t\t\t<\/div>\n\t\t\t\t<\/div>\n\t\t\t\t<div class=\"elementor-element elementor-element-0cf144f elementor-widget elementor-widget-heading\" data-id=\"0cf144f\" data-element_type=\"widget\" data-widget_type=\"heading.default\">\n\t\t\t\t<div class=\"elementor-widget-container\">\n\t\t\t\t\t<h2 class=\"elementor-heading-title elementor-size-default\">MONTADOR MEC\u00c2NICO<\/h2>\t\t\t\t<\/div>\n\t\t\t\t<\/div>\n\t\t\t\t<div class=\"elementor-element elementor-element-1de6907 elementor-widget elementor-widget-text-editor\" data-id=\"1de6907\" data-element_type=\"widget\" data-widget_type=\"text-editor.default\">\n\t\t\t\t<div class=\"elementor-widget-container\">\n\t\t\t\t\t\t\t\t\t<p>Executar a separa\u00e7\u00e3o de itens e componentes, realizar a confer\u00eancia de equipamentos e m\u00e1quinas, realizar o acabamento, a confer\u00eancia e a limpeza de roscas para garantir a montagem, realizar inspe\u00e7\u00e3o visual de pe\u00e7as e componentes antes da apresenta\u00e7\u00e3o ao cliente, executar testes de montagem e estanqueidade conforme o desenho e as normas do cliente, al\u00e9m de realizar a embalagem e o registro fotogr\u00e1fico de todo o processo.<\/p>\t\t\t\t\t\t\t\t<\/div>\n\t\t\t\t<\/div>\n\t\t\t\t<div class=\"elementor-element elementor-element-8758420 elementor-widget elementor-widget-text-editor\" data-id=\"8758420\" data-element_type=\"widget\" data-widget_type=\"text-editor.default\">\n\t\t\t\t<div class=\"elementor-widget-container\">\n\t\t\t\t\t\t\t\t\t<p><strong>Requisitos:<\/strong><\/p><ul><li>Ensino M\u00e9dio completo<\/li><li>Curso Profissionalizante de Ajustador Mec\u00e2nico<\/li><li>Leitura e interpreta\u00e7\u00e3o de desenhos<\/li><li>Conhecimento em instrumentos de medi\u00e7\u00e3o<\/li><li>Experi\u00eancia com m\u00e1quinas pneum\u00e1ticas<\/li><li>Conhecimento de ferramentas rotativas de corte<\/li><li>Residir em Valinhos ou cidades vizinhas<\/li><\/ul>\t\t\t\t\t\t\t\t<\/div>\n\t\t\t\t<\/div>\n\t\t\t\t<div class=\"elementor-element elementor-element-734953a elementor-widget elementor-widget-text-editor\" data-id=\"734953a\" data-element_type=\"widget\" data-widget_type=\"text-editor.default\">\n\t\t\t\t<div class=\"elementor-widget-container\">\n\t\t\t\t\t\t\t\t\t<p><strong>Sal\u00e1rio compat\u00edvel com mercado<\/strong><\/p><p>Refeit\u00f3rio local + VT + Plano de sa\u00fade + Plano odontol\u00f3gico + Seguro de Vida<\/p>\t\t\t\t\t\t\t\t<\/div>\n\t\t\t\t<\/div>\n\t\t\t\t<div class=\"elementor-element elementor-element-e0569b6 elementor-widget elementor-widget-button\" data-id=\"e0569b6\" data-element_type=\"widget\" data-widget_type=\"button.default\">\n\t\t\t\t<div class=\"elementor-widget-container\">\n\t\t\t\t\t\t\t\t\t<div class=\"elementor-button-wrapper\">\n\t\t\t\t\t<a class=\"elementor-button elementor-button-link elementor-size-sm\" href=\"https:\/\/prousiesp.com.br\/pt_br\/trabalhe-conosco\/\" id=\"paginadavaga\">\n\t\t\t\t\t\t<span class=\"elementor-button-content-wrapper\">\n\t\t\t\t\t\t\t\t\t<span class=\"elementor-button-text\">Cadastrar Curr\u00edculo<\/span>\n\t\t\t\t\t<\/span>\n\t\t\t\t\t<\/a>\n\t\t\t\t<\/div>\n\t\t\t\t\t\t\t\t<\/div>\n\t\t\t\t<\/div>\n\t\t\t\t\t<\/div>\n\t\t\t\t<\/div>\n\t\t\t\t<\/div>\n\t\t","protected":false},"excerpt":{"rendered":"<p>MONTADOR MEC\u00c2NICO Executar a separa\u00e7\u00e3o de itens e componentes, realizar a confer\u00eancia de equipamentos e m\u00e1quinas, realizar o acabamento, a confer\u00eancia e a limpeza de roscas para garantir a montagem, realizar inspe\u00e7\u00e3o visual de pe\u00e7as e componentes antes da apresenta\u00e7\u00e3o ao cliente, executar testes de montagem e estanqueidade conforme o desenho e as normas do [&hellip;]<\/p>\n","protected":false},"author":1,"featured_media":0,"parent":0,"menu_order":0,"comment_status":"closed","ping_status":"closed","template":"","meta":{"footnotes":""},"class_list":["post-2676","page","type-page","status-publish","hentry"],"yoast_head":"<!-- This site is optimized with the Yoast SEO plugin v26.9 - https:\/\/yoast.com\/product\/yoast-seo-wordpress\/ -->\n<title>Vaga - MONTADOR MEC\u00c2NICO - Prousiesp<\/title>\n<meta name=\"description\" content=\"Vaga - MONTADOR MEC\u00c2NICO\" \/>\n<meta name=\"robots\" content=\"index, follow, max-snippet:-1, max-image-preview:large, max-video-preview:-1\" \/>\n<link rel=\"canonical\" href=\"https:\/\/prousiesp.com.br\/pt_br\/vaga-montador-mecanico\/\" \/>\n<meta property=\"og:locale\" content=\"pt_BR\" \/>\n<meta property=\"og:type\" content=\"article\" \/>\n<meta property=\"og:title\" content=\"Vaga - MONTADOR MEC\u00c2NICO - Prousiesp\" \/>\n<meta property=\"og:description\" content=\"Vaga - MONTADOR MEC\u00c2NICO\" \/>\n<meta property=\"og:url\" content=\"https:\/\/prousiesp.com.br\/pt_br\/vaga-montador-mecanico\/\" \/>\n<meta property=\"og:site_name\" content=\"Prousiesp\" \/>\n<meta property=\"article:modified_time\" content=\"2024-09-20T17:25:23+00:00\" \/>\n<meta name=\"twitter:card\" content=\"summary_large_image\" \/>\n<meta name=\"twitter:label1\" content=\"Est. tempo de leitura\" \/>\n\t<meta name=\"twitter:data1\" content=\"2 minutos\" \/>\n<script type=\"application\/ld+json\" class=\"yoast-schema-graph\">{\"@context\":\"https:\/\/schema.org\",\"@graph\":[{\"@type\":\"WebPage\",\"@id\":\"https:\/\/prousiesp.com.br\/vaga-montador-mecanico\/\",\"url\":\"https:\/\/prousiesp.com.br\/vaga-montador-mecanico\/\",\"name\":\"Vaga - MONTADOR MEC\u00c2NICO - Prousiesp\",\"isPartOf\":{\"@id\":\"https:\/\/prousiesp.com.br\/#website\"},\"datePublished\":\"2024-09-20T17:20:45+00:00\",\"dateModified\":\"2024-09-20T17:25:23+00:00\",\"description\":\"Vaga - MONTADOR MEC\u00c2NICO\",\"breadcrumb\":{\"@id\":\"https:\/\/prousiesp.com.br\/vaga-montador-mecanico\/#breadcrumb\"},\"inLanguage\":\"pt-BR\",\"potentialAction\":[{\"@type\":\"ReadAction\",\"target\":[\"https:\/\/prousiesp.com.br\/vaga-montador-mecanico\/\"]}]},{\"@type\":\"BreadcrumbList\",\"@id\":\"https:\/\/prousiesp.com.br\/vaga-montador-mecanico\/#breadcrumb\",\"itemListElement\":[{\"@type\":\"ListItem\",\"position\":1,\"name\":\"In\u00edcio\",\"item\":\"https:\/\/prousiesp.com.br\/pt_br\/\"},{\"@type\":\"ListItem\",\"position\":2,\"name\":\"Vaga &#8211; MONTADOR MEC\u00c2NICO\"}]},{\"@type\":\"WebSite\",\"@id\":\"https:\/\/prousiesp.com.br\/#website\",\"url\":\"https:\/\/prousiesp.com.br\/\",\"name\":\"Prousiesp\",\"description\":\"Ind\u00fastria Especializada em Usinagem &amp; Caldeiraria\",\"publisher\":{\"@id\":\"https:\/\/prousiesp.com.br\/#organization\"},\"potentialAction\":[{\"@type\":\"SearchAction\",\"target\":{\"@type\":\"EntryPoint\",\"urlTemplate\":\"https:\/\/prousiesp.com.br\/?s={search_term_string}\"},\"query-input\":{\"@type\":\"PropertyValueSpecification\",\"valueRequired\":true,\"valueName\":\"search_term_string\"}}],\"inLanguage\":\"pt-BR\"},{\"@type\":\"Organization\",\"@id\":\"https:\/\/prousiesp.com.br\/#organization\",\"name\":\"Prousiesp\",\"url\":\"https:\/\/prousiesp.com.br\/\",\"logo\":{\"@type\":\"ImageObject\",\"inLanguage\":\"pt-BR\",\"@id\":\"https:\/\/prousiesp.com.br\/#\/schema\/logo\/image\/\",\"url\":\"https:\/\/prousiesp.com.br\/wp-content\/uploads\/2021\/07\/prousiesp-progroup-2.png\",\"contentUrl\":\"https:\/\/prousiesp.com.br\/wp-content\/uploads\/2021\/07\/prousiesp-progroup-2.png\",\"width\":215,\"height\":95,\"caption\":\"Prousiesp\"},\"image\":{\"@id\":\"https:\/\/prousiesp.com.br\/#\/schema\/logo\/image\/\"}}]}<\/script>\n<!-- \/ Yoast SEO plugin. -->","yoast_head_json":{"title":"Vaga - MONTADOR MEC\u00c2NICO - Prousiesp","description":"Vaga - MONTADOR MEC\u00c2NICO","robots":{"index":"index","follow":"follow","max-snippet":"max-snippet:-1","max-image-preview":"max-image-preview:large","max-video-preview":"max-video-preview:-1"},"canonical":"https:\/\/prousiesp.com.br\/pt_br\/vaga-montador-mecanico\/","og_locale":"pt_BR","og_type":"article","og_title":"Vaga - MONTADOR MEC\u00c2NICO - Prousiesp","og_description":"Vaga - MONTADOR MEC\u00c2NICO","og_url":"https:\/\/prousiesp.com.br\/pt_br\/vaga-montador-mecanico\/","og_site_name":"Prousiesp","article_modified_time":"2024-09-20T17:25:23+00:00","twitter_card":"summary_large_image","twitter_misc":{"Est. tempo de leitura":"2 minutos"},"schema":{"@context":"https:\/\/schema.org","@graph":[{"@type":"WebPage","@id":"https:\/\/prousiesp.com.br\/vaga-montador-mecanico\/","url":"https:\/\/prousiesp.com.br\/vaga-montador-mecanico\/","name":"Vaga - MONTADOR MEC\u00c2NICO - Prousiesp","isPartOf":{"@id":"https:\/\/prousiesp.com.br\/#website"},"datePublished":"2024-09-20T17:20:45+00:00","dateModified":"2024-09-20T17:25:23+00:00","description":"Vaga - MONTADOR MEC\u00c2NICO","breadcrumb":{"@id":"https:\/\/prousiesp.com.br\/vaga-montador-mecanico\/#breadcrumb"},"inLanguage":"pt-BR","potentialAction":[{"@type":"ReadAction","target":["https:\/\/prousiesp.com.br\/vaga-montador-mecanico\/"]}]},{"@type":"BreadcrumbList","@id":"https:\/\/prousiesp.com.br\/vaga-montador-mecanico\/#breadcrumb","itemListElement":[{"@type":"ListItem","position":1,"name":"In\u00edcio","item":"https:\/\/prousiesp.com.br\/pt_br\/"},{"@type":"ListItem","position":2,"name":"Vaga &#8211; MONTADOR MEC\u00c2NICO"}]},{"@type":"WebSite","@id":"https:\/\/prousiesp.com.br\/#website","url":"https:\/\/prousiesp.com.br\/","name":"Prousiesp","description":"Ind\u00fastria Especializada em Usinagem &amp; Caldeiraria","publisher":{"@id":"https:\/\/prousiesp.com.br\/#organization"},"potentialAction":[{"@type":"SearchAction","target":{"@type":"EntryPoint","urlTemplate":"https:\/\/prousiesp.com.br\/?s={search_term_string}"},"query-input":{"@type":"PropertyValueSpecification","valueRequired":true,"valueName":"search_term_string"}}],"inLanguage":"pt-BR"},{"@type":"Organization","@id":"https:\/\/prousiesp.com.br\/#organization","name":"Prousiesp","url":"https:\/\/prousiesp.com.br\/","logo":{"@type":"ImageObject","inLanguage":"pt-BR","@id":"https:\/\/prousiesp.com.br\/#\/schema\/logo\/image\/","url":"https:\/\/prousiesp.com.br\/wp-content\/uploads\/2021\/07\/prousiesp-progroup-2.png","contentUrl":"https:\/\/prousiesp.com.br\/wp-content\/uploads\/2021\/07\/prousiesp-progroup-2.png","width":215,"height":95,"caption":"Prousiesp"},"image":{"@id":"https:\/\/prousiesp.com.br\/#\/schema\/logo\/image\/"}}]}},"_links":{"self":[{"href":"https:\/\/prousiesp.com.br\/pt_br\/wp-json\/wp\/v2\/pages\/2676","targetHints":{"allow":["GET"]}}],"collection":[{"href":"https:\/\/prousiesp.com.br\/pt_br\/wp-json\/wp\/v2\/pages"}],"about":[{"href":"https:\/\/prousiesp.com.br\/pt_br\/wp-json\/wp\/v2\/types\/page"}],"author":[{"embeddable":true,"href":"https:\/\/prousiesp.com.br\/pt_br\/wp-json\/wp\/v2\/users\/1"}],"replies":[{"embeddable":true,"href":"https:\/\/prousiesp.com.br\/pt_br\/wp-json\/wp\/v2\/comments?post=2676"}],"version-history":[{"count":0,"href":"https:\/\/prousiesp.com.br\/pt_br\/wp-json\/wp\/v2\/pages\/2676\/revisions"}],"wp:attachment":[{"href":"https:\/\/prousiesp.com.br\/pt_br\/wp-json\/wp\/v2\/media?parent=2676"}],"curies":[{"name":"wp","href":"https:\/\/api.w.org\/{rel}","templated":true}]}}