{"id":2476,"date":"2024-08-02T10:47:45","date_gmt":"2024-08-02T13:47:45","guid":{"rendered":"https:\/\/prousiesp.com.br\/?page_id=2476"},"modified":"2024-09-30T10:52:50","modified_gmt":"2024-09-30T13:52:50","slug":"especialista-de-pcp","status":"publish","type":"page","link":"https:\/\/prousiesp.com.br\/pt_br\/especialista-de-pcp\/","title":{"rendered":"Vaga &#8211; ESPECIALISTA DE PCP"},"content":{"rendered":"\t\t<div data-elementor-type=\"wp-page\" data-elementor-id=\"2476\" class=\"elementor elementor-2476\" data-elementor-post-type=\"page\">\n\t\t\t\t<div class=\"elementor-element elementor-element-c3ba4d2 e-flex e-con-boxed e-con e-parent\" data-id=\"c3ba4d2\" data-element_type=\"container\">\n\t\t\t\t\t<div class=\"e-con-inner\">\n\t\t\t\t<div class=\"elementor-element elementor-element-4914a38 elementor-widget elementor-widget-spacer\" data-id=\"4914a38\" data-element_type=\"widget\" data-widget_type=\"spacer.default\">\n\t\t\t\t<div class=\"elementor-widget-container\">\n\t\t\t\t\t\t\t<div class=\"elementor-spacer\">\n\t\t\t<div class=\"elementor-spacer-inner\"><\/div>\n\t\t<\/div>\n\t\t\t\t\t\t<\/div>\n\t\t\t\t<\/div>\n\t\t\t\t<div class=\"elementor-element elementor-element-71734c6 elementor-widget elementor-widget-heading\" data-id=\"71734c6\" data-element_type=\"widget\" data-widget_type=\"heading.default\">\n\t\t\t\t<div class=\"elementor-widget-container\">\n\t\t\t\t\t<h2 class=\"elementor-heading-title elementor-size-default\">ESPECIALISTA DE PCP<\/h2>\t\t\t\t<\/div>\n\t\t\t\t<\/div>\n\t\t\t\t<div class=\"elementor-element elementor-element-1de6907 elementor-widget elementor-widget-text-editor\" data-id=\"1de6907\" data-element_type=\"widget\" data-widget_type=\"text-editor.default\">\n\t\t\t\t<div class=\"elementor-widget-container\">\n\t\t\t\t\t\t\t\t\t<p>Experi\u00eancia na gest\u00e3o de carteira de pedidos, atuando como ponto focal de contato com clientes. Respons\u00e1vel pela execu\u00e7\u00e3o do PMP (Plano Mestre de Produ\u00e7\u00e3o), com foco na elabora\u00e7\u00e3o e acompanhamento de cronogramas de fabrica\u00e7\u00e3o. Forte interface com \u00e1reas de suporte e apoio fabril, garantindo a an\u00e1lise eficaz da carga fabril e disponibilidade de m\u00e1quinas.<\/p>\n<p>Respons\u00e1vel pela gest\u00e3o de OTD (On Time Delivery), liderando negocia\u00e7\u00f5es com clientes para assegurar prazos e entregas. Com um perfil anal\u00edtico, equilibra a atua\u00e7\u00e3o no ch\u00e3o de f\u00e1brica com uma atitude proativa, al\u00e9m de conduzir reuni\u00f5es com clareza e objetividade.<\/p>\t\t\t\t\t\t\t\t<\/div>\n\t\t\t\t<\/div>\n\t\t\t\t<div class=\"elementor-element elementor-element-8758420 elementor-widget elementor-widget-text-editor\" data-id=\"8758420\" data-element_type=\"widget\" data-widget_type=\"text-editor.default\">\n\t\t\t\t<div class=\"elementor-widget-container\">\n\t\t\t\t\t\t\t\t\t<p><strong>Requisitos:<\/strong><\/p>\n<ul>\n<li>Superior completo em engenharia ou afins.<\/li>\n<li>Experi\u00eancia em ar\u00e9a metal\u00fargica e processo de Usinagem.<\/li>\n<li>Leitura interpreta\u00e7\u00e3o Desenho T\u00e9cnico.<\/li>\n<li>Reda\u00e7\u00e3o \u2013 Redigir e-mails e documentos e relat\u00f3rios<\/li>\n<li>Orat\u00f3ria \u2013 Capacidade para ministrar reuni\u00f5es.<\/li>\n<li>Forma\u00e7\u00e3o em melhoria cont\u00ednua<\/li>\n<li>Excel avan\u00e7ado<\/li>\n<\/ul>\t\t\t\t\t\t\t\t<\/div>\n\t\t\t\t<\/div>\n\t\t\t\t<div class=\"elementor-element elementor-element-734953a elementor-widget elementor-widget-text-editor\" data-id=\"734953a\" data-element_type=\"widget\" data-widget_type=\"text-editor.default\">\n\t\t\t\t<div class=\"elementor-widget-container\">\n\t\t\t\t\t\t\t\t\t<p><strong>Sal\u00e1rio compat\u00edvel com mercado<\/strong><\/p>\n<p>Benef\u00edcios: Refeit\u00f3rio local + VT + Plano de sa\u00fade + Plano odontol\u00f3gico + Seguro de Vida<\/p>\t\t\t\t\t\t\t\t<\/div>\n\t\t\t\t<\/div>\n\t\t\t\t<div class=\"elementor-element elementor-element-e0569b6 elementor-widget elementor-widget-button\" data-id=\"e0569b6\" data-element_type=\"widget\" data-widget_type=\"button.default\">\n\t\t\t\t<div class=\"elementor-widget-container\">\n\t\t\t\t\t\t\t\t\t<div class=\"elementor-button-wrapper\">\n\t\t\t\t\t<a class=\"elementor-button elementor-button-link elementor-size-sm\" href=\"https:\/\/prousiesp.com.br\/pt_br\/trabalhe-conosco\/\" id=\"paginadavaga\">\n\t\t\t\t\t\t<span class=\"elementor-button-content-wrapper\">\n\t\t\t\t\t\t\t\t\t<span class=\"elementor-button-text\">Cadastrar Curr\u00edculo<\/span>\n\t\t\t\t\t<\/span>\n\t\t\t\t\t<\/a>\n\t\t\t\t<\/div>\n\t\t\t\t\t\t\t\t<\/div>\n\t\t\t\t<\/div>\n\t\t\t\t\t<\/div>\n\t\t\t\t<\/div>\n\t\t\t\t<\/div>\n\t\t","protected":false},"excerpt":{"rendered":"<p>ESPECIALISTA DE PCP Experi\u00eancia na gest\u00e3o de carteira de pedidos, atuando como ponto focal de contato com clientes. Respons\u00e1vel pela execu\u00e7\u00e3o do PMP (Plano Mestre de Produ\u00e7\u00e3o), com foco na elabora\u00e7\u00e3o e acompanhamento de cronogramas de fabrica\u00e7\u00e3o. Forte interface com \u00e1reas de suporte e apoio fabril, garantindo a an\u00e1lise eficaz da carga fabril e disponibilidade [&hellip;]<\/p>\n","protected":false},"author":1,"featured_media":0,"parent":0,"menu_order":0,"comment_status":"closed","ping_status":"closed","template":"","meta":{"footnotes":""},"class_list":["post-2476","page","type-page","status-publish","hentry"],"yoast_head":"<!-- This site is optimized with the Yoast SEO plugin v26.9 - https:\/\/yoast.com\/product\/yoast-seo-wordpress\/ -->\n<title>Vaga - ESPECIALISTA DE PCP - Prousiesp<\/title>\n<meta name=\"description\" content=\"ESPECIALISTA DE PCP\" \/>\n<meta name=\"robots\" content=\"index, follow, max-snippet:-1, max-image-preview:large, max-video-preview:-1\" \/>\n<link rel=\"canonical\" href=\"https:\/\/prousiesp.com.br\/pt_br\/especialista-de-pcp\/\" \/>\n<meta property=\"og:locale\" content=\"pt_BR\" \/>\n<meta property=\"og:type\" content=\"article\" \/>\n<meta property=\"og:title\" content=\"Vaga - ESPECIALISTA DE PCP - Prousiesp\" \/>\n<meta property=\"og:description\" content=\"ESPECIALISTA DE PCP\" \/>\n<meta property=\"og:url\" content=\"https:\/\/prousiesp.com.br\/pt_br\/especialista-de-pcp\/\" \/>\n<meta property=\"og:site_name\" content=\"Prousiesp\" \/>\n<meta property=\"article:modified_time\" content=\"2024-09-30T13:52:50+00:00\" \/>\n<meta name=\"twitter:card\" content=\"summary_large_image\" \/>\n<meta name=\"twitter:label1\" content=\"Est. tempo de leitura\" \/>\n\t<meta name=\"twitter:data1\" content=\"1 minuto\" \/>\n<script type=\"application\/ld+json\" class=\"yoast-schema-graph\">{\"@context\":\"https:\/\/schema.org\",\"@graph\":[{\"@type\":\"WebPage\",\"@id\":\"https:\/\/prousiesp.com.br\/pt_br\/especialista-de-pcp\/\",\"url\":\"https:\/\/prousiesp.com.br\/pt_br\/especialista-de-pcp\/\",\"name\":\"Vaga - ESPECIALISTA DE PCP - Prousiesp\",\"isPartOf\":{\"@id\":\"https:\/\/prousiesp.com.br\/#website\"},\"datePublished\":\"2024-08-02T13:47:45+00:00\",\"dateModified\":\"2024-09-30T13:52:50+00:00\",\"description\":\"ESPECIALISTA DE PCP\",\"breadcrumb\":{\"@id\":\"https:\/\/prousiesp.com.br\/pt_br\/especialista-de-pcp\/#breadcrumb\"},\"inLanguage\":\"pt-BR\",\"potentialAction\":[{\"@type\":\"ReadAction\",\"target\":[\"https:\/\/prousiesp.com.br\/pt_br\/especialista-de-pcp\/\"]}]},{\"@type\":\"BreadcrumbList\",\"@id\":\"https:\/\/prousiesp.com.br\/pt_br\/especialista-de-pcp\/#breadcrumb\",\"itemListElement\":[{\"@type\":\"ListItem\",\"position\":1,\"name\":\"In\u00edcio\",\"item\":\"https:\/\/prousiesp.com.br\/pt_br\/\"},{\"@type\":\"ListItem\",\"position\":2,\"name\":\"Vaga &#8211; ESPECIALISTA DE PCP\"}]},{\"@type\":\"WebSite\",\"@id\":\"https:\/\/prousiesp.com.br\/#website\",\"url\":\"https:\/\/prousiesp.com.br\/\",\"name\":\"Prousiesp\",\"description\":\"Ind\u00fastria Especializada em Usinagem &amp; Caldeiraria\",\"publisher\":{\"@id\":\"https:\/\/prousiesp.com.br\/#organization\"},\"potentialAction\":[{\"@type\":\"SearchAction\",\"target\":{\"@type\":\"EntryPoint\",\"urlTemplate\":\"https:\/\/prousiesp.com.br\/?s={search_term_string}\"},\"query-input\":{\"@type\":\"PropertyValueSpecification\",\"valueRequired\":true,\"valueName\":\"search_term_string\"}}],\"inLanguage\":\"pt-BR\"},{\"@type\":\"Organization\",\"@id\":\"https:\/\/prousiesp.com.br\/#organization\",\"name\":\"Prousiesp\",\"url\":\"https:\/\/prousiesp.com.br\/\",\"logo\":{\"@type\":\"ImageObject\",\"inLanguage\":\"pt-BR\",\"@id\":\"https:\/\/prousiesp.com.br\/#\/schema\/logo\/image\/\",\"url\":\"https:\/\/prousiesp.com.br\/wp-content\/uploads\/2021\/07\/prousiesp-progroup-2.png\",\"contentUrl\":\"https:\/\/prousiesp.com.br\/wp-content\/uploads\/2021\/07\/prousiesp-progroup-2.png\",\"width\":215,\"height\":95,\"caption\":\"Prousiesp\"},\"image\":{\"@id\":\"https:\/\/prousiesp.com.br\/#\/schema\/logo\/image\/\"}}]}<\/script>\n<!-- \/ Yoast SEO plugin. -->","yoast_head_json":{"title":"Vaga - ESPECIALISTA DE PCP - Prousiesp","description":"ESPECIALISTA DE PCP","robots":{"index":"index","follow":"follow","max-snippet":"max-snippet:-1","max-image-preview":"max-image-preview:large","max-video-preview":"max-video-preview:-1"},"canonical":"https:\/\/prousiesp.com.br\/pt_br\/especialista-de-pcp\/","og_locale":"pt_BR","og_type":"article","og_title":"Vaga - ESPECIALISTA DE PCP - Prousiesp","og_description":"ESPECIALISTA DE PCP","og_url":"https:\/\/prousiesp.com.br\/pt_br\/especialista-de-pcp\/","og_site_name":"Prousiesp","article_modified_time":"2024-09-30T13:52:50+00:00","twitter_card":"summary_large_image","twitter_misc":{"Est. tempo de leitura":"1 minuto"},"schema":{"@context":"https:\/\/schema.org","@graph":[{"@type":"WebPage","@id":"https:\/\/prousiesp.com.br\/pt_br\/especialista-de-pcp\/","url":"https:\/\/prousiesp.com.br\/pt_br\/especialista-de-pcp\/","name":"Vaga - ESPECIALISTA DE PCP - Prousiesp","isPartOf":{"@id":"https:\/\/prousiesp.com.br\/#website"},"datePublished":"2024-08-02T13:47:45+00:00","dateModified":"2024-09-30T13:52:50+00:00","description":"ESPECIALISTA DE PCP","breadcrumb":{"@id":"https:\/\/prousiesp.com.br\/pt_br\/especialista-de-pcp\/#breadcrumb"},"inLanguage":"pt-BR","potentialAction":[{"@type":"ReadAction","target":["https:\/\/prousiesp.com.br\/pt_br\/especialista-de-pcp\/"]}]},{"@type":"BreadcrumbList","@id":"https:\/\/prousiesp.com.br\/pt_br\/especialista-de-pcp\/#breadcrumb","itemListElement":[{"@type":"ListItem","position":1,"name":"In\u00edcio","item":"https:\/\/prousiesp.com.br\/pt_br\/"},{"@type":"ListItem","position":2,"name":"Vaga &#8211; ESPECIALISTA DE PCP"}]},{"@type":"WebSite","@id":"https:\/\/prousiesp.com.br\/#website","url":"https:\/\/prousiesp.com.br\/","name":"Prousiesp","description":"Ind\u00fastria Especializada em Usinagem &amp; Caldeiraria","publisher":{"@id":"https:\/\/prousiesp.com.br\/#organization"},"potentialAction":[{"@type":"SearchAction","target":{"@type":"EntryPoint","urlTemplate":"https:\/\/prousiesp.com.br\/?s={search_term_string}"},"query-input":{"@type":"PropertyValueSpecification","valueRequired":true,"valueName":"search_term_string"}}],"inLanguage":"pt-BR"},{"@type":"Organization","@id":"https:\/\/prousiesp.com.br\/#organization","name":"Prousiesp","url":"https:\/\/prousiesp.com.br\/","logo":{"@type":"ImageObject","inLanguage":"pt-BR","@id":"https:\/\/prousiesp.com.br\/#\/schema\/logo\/image\/","url":"https:\/\/prousiesp.com.br\/wp-content\/uploads\/2021\/07\/prousiesp-progroup-2.png","contentUrl":"https:\/\/prousiesp.com.br\/wp-content\/uploads\/2021\/07\/prousiesp-progroup-2.png","width":215,"height":95,"caption":"Prousiesp"},"image":{"@id":"https:\/\/prousiesp.com.br\/#\/schema\/logo\/image\/"}}]}},"_links":{"self":[{"href":"https:\/\/prousiesp.com.br\/pt_br\/wp-json\/wp\/v2\/pages\/2476","targetHints":{"allow":["GET"]}}],"collection":[{"href":"https:\/\/prousiesp.com.br\/pt_br\/wp-json\/wp\/v2\/pages"}],"about":[{"href":"https:\/\/prousiesp.com.br\/pt_br\/wp-json\/wp\/v2\/types\/page"}],"author":[{"embeddable":true,"href":"https:\/\/prousiesp.com.br\/pt_br\/wp-json\/wp\/v2\/users\/1"}],"replies":[{"embeddable":true,"href":"https:\/\/prousiesp.com.br\/pt_br\/wp-json\/wp\/v2\/comments?post=2476"}],"version-history":[{"count":0,"href":"https:\/\/prousiesp.com.br\/pt_br\/wp-json\/wp\/v2\/pages\/2476\/revisions"}],"wp:attachment":[{"href":"https:\/\/prousiesp.com.br\/pt_br\/wp-json\/wp\/v2\/media?parent=2476"}],"curies":[{"name":"wp","href":"https:\/\/api.w.org\/{rel}","templated":true}]}}