{"id":2468,"date":"2024-08-02T10:42:35","date_gmt":"2024-08-02T13:42:35","guid":{"rendered":"https:\/\/prousiesp.com.br\/?page_id=2468"},"modified":"2024-08-02T10:43:32","modified_gmt":"2024-08-02T13:43:32","slug":"preparador-e-operador-de-torno-cnc","status":"publish","type":"page","link":"https:\/\/prousiesp.com.br\/pt_br\/preparador-e-operador-de-torno-cnc\/","title":{"rendered":"Vaga &#8211; PREPARADOR E OPERADOR DE TORNO CNC"},"content":{"rendered":"\t\t<div data-elementor-type=\"wp-page\" data-elementor-id=\"2468\" class=\"elementor elementor-2468\" data-elementor-post-type=\"page\">\n\t\t\t\t<div class=\"elementor-element elementor-element-c3ba4d2 e-flex e-con-boxed e-con e-parent\" data-id=\"c3ba4d2\" data-element_type=\"container\">\n\t\t\t\t\t<div class=\"e-con-inner\">\n\t\t\t\t<div class=\"elementor-element elementor-element-4914a38 elementor-widget elementor-widget-spacer\" data-id=\"4914a38\" data-element_type=\"widget\" data-widget_type=\"spacer.default\">\n\t\t\t\t<div class=\"elementor-widget-container\">\n\t\t\t\t\t\t\t<div class=\"elementor-spacer\">\n\t\t\t<div class=\"elementor-spacer-inner\"><\/div>\n\t\t<\/div>\n\t\t\t\t\t\t<\/div>\n\t\t\t\t<\/div>\n\t\t\t\t<div class=\"elementor-element elementor-element-71734c6 elementor-widget elementor-widget-heading\" data-id=\"71734c6\" data-element_type=\"widget\" data-widget_type=\"heading.default\">\n\t\t\t\t<div class=\"elementor-widget-container\">\n\t\t\t\t\t<h2 class=\"elementor-heading-title elementor-size-default\">PREPARADOR E OPERADOR DE TORNO CNC<\/h2>\t\t\t\t<\/div>\n\t\t\t\t<\/div>\n\t\t\t\t<div class=\"elementor-element elementor-element-1de6907 elementor-widget elementor-widget-text-editor\" data-id=\"1de6907\" data-element_type=\"widget\" data-widget_type=\"text-editor.default\">\n\t\t\t\t<div class=\"elementor-widget-container\">\n\t\t\t\t\t\t\t\t\t<p>Executar trabalhos de usinagem de metais ferrosos, bem como preparar e ajustar tornos CNC, para obten\u00e7\u00e3o de resultados, conforme programas pr\u00e9-estabelecido na empresa.<\/p>\t\t\t\t\t\t\t\t<\/div>\n\t\t\t\t<\/div>\n\t\t\t\t<div class=\"elementor-element elementor-element-8758420 elementor-widget elementor-widget-text-editor\" data-id=\"8758420\" data-element_type=\"widget\" data-widget_type=\"text-editor.default\">\n\t\t\t\t<div class=\"elementor-widget-container\">\n\t\t\t\t\t\t\t\t\t<p><strong>Requisitos:<\/strong><\/p><ul><li>Conhecimento em leitura e interpreta\u00e7\u00e3o de desenhos;<\/li><li>Conhecimento em paqu\u00edmetro e micr\u00f4metro;<\/li><li>Experi\u00eancia com usinagem em CAM;<\/li><li>Desej\u00e1vel curso profissionalizante de usinagem ou mec\u00e2nica geral<\/li><li>Desej\u00e1vel experi\u00eancia em ferramentaria ou empresa de \u00f3leo e g\u00e1s<\/li><li>Residir em Valinhos ou cidades vizinhas.<\/li><\/ul>\t\t\t\t\t\t\t\t<\/div>\n\t\t\t\t<\/div>\n\t\t\t\t<div class=\"elementor-element elementor-element-734953a elementor-widget elementor-widget-text-editor\" data-id=\"734953a\" data-element_type=\"widget\" data-widget_type=\"text-editor.default\">\n\t\t\t\t<div class=\"elementor-widget-container\">\n\t\t\t\t\t\t\t\t\t<p><strong>Sal\u00e1rio compat\u00edvel com mercado<\/strong><\/p><p>Benef\u00edcios: Refeit\u00f3rio local + VT +Plano de sa\u00fade + Plano odontol\u00f3gico + Seguro de Vida<\/p>\t\t\t\t\t\t\t\t<\/div>\n\t\t\t\t<\/div>\n\t\t\t\t<div class=\"elementor-element elementor-element-e0569b6 elementor-widget elementor-widget-button\" data-id=\"e0569b6\" data-element_type=\"widget\" data-widget_type=\"button.default\">\n\t\t\t\t<div class=\"elementor-widget-container\">\n\t\t\t\t\t\t\t\t\t<div class=\"elementor-button-wrapper\">\n\t\t\t\t\t<a class=\"elementor-button elementor-button-link elementor-size-sm\" href=\"https:\/\/prousiesp.com.br\/pt_br\/trabalhe-conosco\/\" id=\"paginadavaga\">\n\t\t\t\t\t\t<span class=\"elementor-button-content-wrapper\">\n\t\t\t\t\t\t\t\t\t<span class=\"elementor-button-text\">Cadastrar Curr\u00edculo<\/span>\n\t\t\t\t\t<\/span>\n\t\t\t\t\t<\/a>\n\t\t\t\t<\/div>\n\t\t\t\t\t\t\t\t<\/div>\n\t\t\t\t<\/div>\n\t\t\t\t\t<\/div>\n\t\t\t\t<\/div>\n\t\t\t\t<\/div>\n\t\t","protected":false},"excerpt":{"rendered":"<p>PREPARADOR E OPERADOR DE TORNO CNC Executar trabalhos de usinagem de metais ferrosos, bem como preparar e ajustar tornos CNC, para obten\u00e7\u00e3o de resultados, conforme programas pr\u00e9-estabelecido na empresa. Requisitos: Conhecimento em leitura e interpreta\u00e7\u00e3o de desenhos; Conhecimento em paqu\u00edmetro e micr\u00f4metro; Experi\u00eancia com usinagem em CAM; Desej\u00e1vel curso profissionalizante de usinagem ou mec\u00e2nica geral [&hellip;]<\/p>\n","protected":false},"author":1,"featured_media":0,"parent":0,"menu_order":0,"comment_status":"closed","ping_status":"closed","template":"","meta":{"footnotes":""},"class_list":["post-2468","page","type-page","status-publish","hentry"],"yoast_head":"<!-- This site is optimized with the Yoast SEO plugin v26.9 - https:\/\/yoast.com\/product\/yoast-seo-wordpress\/ -->\n<title>Vaga - PREPARADOR E OPERADOR DE TORNO CNC - Prousiesp<\/title>\n<meta name=\"description\" content=\"PREPARADOR E OPERADOR DE TORNO CNC\" \/>\n<meta name=\"robots\" content=\"index, follow, max-snippet:-1, max-image-preview:large, max-video-preview:-1\" \/>\n<link rel=\"canonical\" href=\"https:\/\/prousiesp.com.br\/pt_br\/preparador-e-operador-de-torno-cnc\/\" \/>\n<meta property=\"og:locale\" content=\"pt_BR\" \/>\n<meta property=\"og:type\" content=\"article\" \/>\n<meta property=\"og:title\" content=\"Vaga - PREPARADOR E OPERADOR DE TORNO CNC - Prousiesp\" \/>\n<meta property=\"og:description\" content=\"PREPARADOR E OPERADOR DE TORNO CNC\" \/>\n<meta property=\"og:url\" content=\"https:\/\/prousiesp.com.br\/pt_br\/preparador-e-operador-de-torno-cnc\/\" \/>\n<meta property=\"og:site_name\" content=\"Prousiesp\" \/>\n<meta property=\"article:modified_time\" content=\"2024-08-02T13:43:32+00:00\" \/>\n<meta name=\"twitter:card\" content=\"summary_large_image\" \/>\n<meta name=\"twitter:label1\" content=\"Est. tempo de leitura\" \/>\n\t<meta name=\"twitter:data1\" content=\"1 minuto\" \/>\n<script type=\"application\/ld+json\" class=\"yoast-schema-graph\">{\"@context\":\"https:\/\/schema.org\",\"@graph\":[{\"@type\":\"WebPage\",\"@id\":\"https:\/\/prousiesp.com.br\/pt_br\/preparador-e-operador-de-torno-cnc\/\",\"url\":\"https:\/\/prousiesp.com.br\/pt_br\/preparador-e-operador-de-torno-cnc\/\",\"name\":\"Vaga - PREPARADOR E OPERADOR DE TORNO CNC - Prousiesp\",\"isPartOf\":{\"@id\":\"https:\/\/prousiesp.com.br\/#website\"},\"datePublished\":\"2024-08-02T13:42:35+00:00\",\"dateModified\":\"2024-08-02T13:43:32+00:00\",\"description\":\"PREPARADOR E OPERADOR DE TORNO CNC\",\"breadcrumb\":{\"@id\":\"https:\/\/prousiesp.com.br\/pt_br\/preparador-e-operador-de-torno-cnc\/#breadcrumb\"},\"inLanguage\":\"pt-BR\",\"potentialAction\":[{\"@type\":\"ReadAction\",\"target\":[\"https:\/\/prousiesp.com.br\/pt_br\/preparador-e-operador-de-torno-cnc\/\"]}]},{\"@type\":\"BreadcrumbList\",\"@id\":\"https:\/\/prousiesp.com.br\/pt_br\/preparador-e-operador-de-torno-cnc\/#breadcrumb\",\"itemListElement\":[{\"@type\":\"ListItem\",\"position\":1,\"name\":\"In\u00edcio\",\"item\":\"https:\/\/prousiesp.com.br\/pt_br\/\"},{\"@type\":\"ListItem\",\"position\":2,\"name\":\"Vaga &#8211; PREPARADOR E OPERADOR DE TORNO CNC\"}]},{\"@type\":\"WebSite\",\"@id\":\"https:\/\/prousiesp.com.br\/#website\",\"url\":\"https:\/\/prousiesp.com.br\/\",\"name\":\"Prousiesp\",\"description\":\"Ind\u00fastria Especializada em Usinagem &amp; Caldeiraria\",\"publisher\":{\"@id\":\"https:\/\/prousiesp.com.br\/#organization\"},\"potentialAction\":[{\"@type\":\"SearchAction\",\"target\":{\"@type\":\"EntryPoint\",\"urlTemplate\":\"https:\/\/prousiesp.com.br\/?s={search_term_string}\"},\"query-input\":{\"@type\":\"PropertyValueSpecification\",\"valueRequired\":true,\"valueName\":\"search_term_string\"}}],\"inLanguage\":\"pt-BR\"},{\"@type\":\"Organization\",\"@id\":\"https:\/\/prousiesp.com.br\/#organization\",\"name\":\"Prousiesp\",\"url\":\"https:\/\/prousiesp.com.br\/\",\"logo\":{\"@type\":\"ImageObject\",\"inLanguage\":\"pt-BR\",\"@id\":\"https:\/\/prousiesp.com.br\/#\/schema\/logo\/image\/\",\"url\":\"https:\/\/prousiesp.com.br\/wp-content\/uploads\/2021\/07\/prousiesp-progroup-2.png\",\"contentUrl\":\"https:\/\/prousiesp.com.br\/wp-content\/uploads\/2021\/07\/prousiesp-progroup-2.png\",\"width\":215,\"height\":95,\"caption\":\"Prousiesp\"},\"image\":{\"@id\":\"https:\/\/prousiesp.com.br\/#\/schema\/logo\/image\/\"}}]}<\/script>\n<!-- \/ Yoast SEO plugin. -->","yoast_head_json":{"title":"Vaga - PREPARADOR E OPERADOR DE TORNO CNC - Prousiesp","description":"PREPARADOR E OPERADOR DE TORNO CNC","robots":{"index":"index","follow":"follow","max-snippet":"max-snippet:-1","max-image-preview":"max-image-preview:large","max-video-preview":"max-video-preview:-1"},"canonical":"https:\/\/prousiesp.com.br\/pt_br\/preparador-e-operador-de-torno-cnc\/","og_locale":"pt_BR","og_type":"article","og_title":"Vaga - PREPARADOR E OPERADOR DE TORNO CNC - Prousiesp","og_description":"PREPARADOR E OPERADOR DE TORNO CNC","og_url":"https:\/\/prousiesp.com.br\/pt_br\/preparador-e-operador-de-torno-cnc\/","og_site_name":"Prousiesp","article_modified_time":"2024-08-02T13:43:32+00:00","twitter_card":"summary_large_image","twitter_misc":{"Est. tempo de leitura":"1 minuto"},"schema":{"@context":"https:\/\/schema.org","@graph":[{"@type":"WebPage","@id":"https:\/\/prousiesp.com.br\/pt_br\/preparador-e-operador-de-torno-cnc\/","url":"https:\/\/prousiesp.com.br\/pt_br\/preparador-e-operador-de-torno-cnc\/","name":"Vaga - PREPARADOR E OPERADOR DE TORNO CNC - Prousiesp","isPartOf":{"@id":"https:\/\/prousiesp.com.br\/#website"},"datePublished":"2024-08-02T13:42:35+00:00","dateModified":"2024-08-02T13:43:32+00:00","description":"PREPARADOR E OPERADOR DE TORNO CNC","breadcrumb":{"@id":"https:\/\/prousiesp.com.br\/pt_br\/preparador-e-operador-de-torno-cnc\/#breadcrumb"},"inLanguage":"pt-BR","potentialAction":[{"@type":"ReadAction","target":["https:\/\/prousiesp.com.br\/pt_br\/preparador-e-operador-de-torno-cnc\/"]}]},{"@type":"BreadcrumbList","@id":"https:\/\/prousiesp.com.br\/pt_br\/preparador-e-operador-de-torno-cnc\/#breadcrumb","itemListElement":[{"@type":"ListItem","position":1,"name":"In\u00edcio","item":"https:\/\/prousiesp.com.br\/pt_br\/"},{"@type":"ListItem","position":2,"name":"Vaga &#8211; PREPARADOR E OPERADOR DE TORNO CNC"}]},{"@type":"WebSite","@id":"https:\/\/prousiesp.com.br\/#website","url":"https:\/\/prousiesp.com.br\/","name":"Prousiesp","description":"Ind\u00fastria Especializada em Usinagem &amp; Caldeiraria","publisher":{"@id":"https:\/\/prousiesp.com.br\/#organization"},"potentialAction":[{"@type":"SearchAction","target":{"@type":"EntryPoint","urlTemplate":"https:\/\/prousiesp.com.br\/?s={search_term_string}"},"query-input":{"@type":"PropertyValueSpecification","valueRequired":true,"valueName":"search_term_string"}}],"inLanguage":"pt-BR"},{"@type":"Organization","@id":"https:\/\/prousiesp.com.br\/#organization","name":"Prousiesp","url":"https:\/\/prousiesp.com.br\/","logo":{"@type":"ImageObject","inLanguage":"pt-BR","@id":"https:\/\/prousiesp.com.br\/#\/schema\/logo\/image\/","url":"https:\/\/prousiesp.com.br\/wp-content\/uploads\/2021\/07\/prousiesp-progroup-2.png","contentUrl":"https:\/\/prousiesp.com.br\/wp-content\/uploads\/2021\/07\/prousiesp-progroup-2.png","width":215,"height":95,"caption":"Prousiesp"},"image":{"@id":"https:\/\/prousiesp.com.br\/#\/schema\/logo\/image\/"}}]}},"_links":{"self":[{"href":"https:\/\/prousiesp.com.br\/pt_br\/wp-json\/wp\/v2\/pages\/2468","targetHints":{"allow":["GET"]}}],"collection":[{"href":"https:\/\/prousiesp.com.br\/pt_br\/wp-json\/wp\/v2\/pages"}],"about":[{"href":"https:\/\/prousiesp.com.br\/pt_br\/wp-json\/wp\/v2\/types\/page"}],"author":[{"embeddable":true,"href":"https:\/\/prousiesp.com.br\/pt_br\/wp-json\/wp\/v2\/users\/1"}],"replies":[{"embeddable":true,"href":"https:\/\/prousiesp.com.br\/pt_br\/wp-json\/wp\/v2\/comments?post=2468"}],"version-history":[{"count":0,"href":"https:\/\/prousiesp.com.br\/pt_br\/wp-json\/wp\/v2\/pages\/2468\/revisions"}],"wp:attachment":[{"href":"https:\/\/prousiesp.com.br\/pt_br\/wp-json\/wp\/v2\/media?parent=2468"}],"curies":[{"name":"wp","href":"https:\/\/api.w.org\/{rel}","templated":true}]}}