{"id":22,"date":"2021-07-28T11:56:12","date_gmt":"2021-07-28T14:56:12","guid":{"rendered":"http:\/\/localhost\/usiesp\/?page_id=22"},"modified":"2023-03-09T15:47:14","modified_gmt":"2023-03-09T18:47:14","slug":"principais-clientes","status":"publish","type":"page","link":"https:\/\/prousiesp.com.br\/pt_br\/principais-clientes\/","title":{"rendered":"Clientes"},"content":{"rendered":"\t\t<div data-elementor-type=\"wp-page\" data-elementor-id=\"22\" class=\"elementor elementor-22\" data-elementor-post-type=\"page\">\n\t\t\t\t<div class=\"elementor-element elementor-element-2a5131c e-flex e-con-boxed e-con e-parent\" data-id=\"2a5131c\" data-element_type=\"container\">\n\t\t\t\t\t<div class=\"e-con-inner\">\n\t\t\t\t<div class=\"elementor-element elementor-element-eb170e1 elementor-widget elementor-widget-heading\" data-id=\"eb170e1\" data-element_type=\"widget\" data-widget_type=\"heading.default\">\n\t\t\t\t<div class=\"elementor-widget-container\">\n\t\t\t\t\t<h2 class=\"elementor-heading-title elementor-size-medium\">Clientes<\/h2>\t\t\t\t<\/div>\n\t\t\t\t<\/div>\n\t\t\t\t<div class=\"elementor-element elementor-element-9d41913 elementor-widget-divider--view-line elementor-widget elementor-widget-divider\" data-id=\"9d41913\" data-element_type=\"widget\" data-widget_type=\"divider.default\">\n\t\t\t\t<div class=\"elementor-widget-container\">\n\t\t\t\t\t\t\t<div class=\"elementor-divider\">\n\t\t\t<span class=\"elementor-divider-separator\">\n\t\t\t\t\t\t<\/span>\n\t\t<\/div>\n\t\t\t\t\t\t<\/div>\n\t\t\t\t<\/div>\n\t\t\t\t\t<\/div>\n\t\t\t\t<\/div>\n\t\t<div class=\"elementor-element elementor-element-defabd8 e-con-full e-flex e-con e-parent\" data-id=\"defabd8\" data-element_type=\"container\">\n\t\t<div class=\"elementor-element elementor-element-7e17c1a e-con-full e-flex e-con e-child\" data-id=\"7e17c1a\" data-element_type=\"container\">\n\t\t\t\t<div class=\"elementor-element elementor-element-94804dc elementor-widget elementor-widget-heading\" data-id=\"94804dc\" data-element_type=\"widget\" data-widget_type=\"heading.default\">\n\t\t\t\t<div class=\"elementor-widget-container\">\n\t\t\t\t\t<h2 class=\"elementor-heading-title elementor-size-default\">Sucesso compartilhado<\/h2>\t\t\t\t<\/div>\n\t\t\t\t<\/div>\n\t\t\t\t<div class=\"elementor-element elementor-element-f8d0b7e elementor-widget elementor-widget-text-editor\" data-id=\"f8d0b7e\" data-element_type=\"widget\" data-widget_type=\"text-editor.default\">\n\t\t\t\t<div class=\"elementor-widget-container\">\n\t\t\t\t\t\t\t\t\t<p>Temos com nossos clientes uma parceria estrat\u00e9gica de neg\u00f3cio.<br \/>O pleno desenvolvimento dos seus projetos \u00e9 nosso objetivo, sempre. O sucesso deles \u00e9 nosso tamb\u00e9m.<\/p>\t\t\t\t\t\t\t\t<\/div>\n\t\t\t\t<\/div>\n\t\t\t\t<div class=\"elementor-element elementor-element-ce6f494 elementor-arrows-position-outside elementor-widget elementor-widget-image-carousel\" data-id=\"ce6f494\" data-element_type=\"widget\" data-settings=\"{&quot;slides_to_show&quot;:&quot;5&quot;,&quot;slides_to_show_tablet&quot;:&quot;4&quot;,&quot;slides_to_show_mobile&quot;:&quot;2&quot;,&quot;slides_to_scroll&quot;:&quot;5&quot;,&quot;slides_to_scroll_tablet&quot;:&quot;4&quot;,&quot;slides_to_scroll_mobile&quot;:&quot;2&quot;,&quot;navigation&quot;:&quot;arrows&quot;,&quot;pause_on_hover&quot;:&quot;no&quot;,&quot;pause_on_interaction&quot;:&quot;no&quot;,&quot;autoplay_speed&quot;:3000,&quot;image_spacing_custom&quot;:{&quot;unit&quot;:&quot;px&quot;,&quot;size&quot;:65,&quot;sizes&quot;:[]},&quot;autoplay&quot;:&quot;yes&quot;,&quot;infinite&quot;:&quot;yes&quot;,&quot;speed&quot;:500,&quot;image_spacing_custom_tablet&quot;:{&quot;unit&quot;:&quot;px&quot;,&quot;size&quot;:&quot;&quot;,&quot;sizes&quot;:[]},&quot;image_spacing_custom_mobile&quot;:{&quot;unit&quot;:&quot;px&quot;,&quot;size&quot;:&quot;&quot;,&quot;sizes&quot;:[]}}\" data-widget_type=\"image-carousel.default\">\n\t\t\t\t<div class=\"elementor-widget-container\">\n\t\t\t\t\t\t\t<div class=\"elementor-image-carousel-wrapper swiper\" role=\"region\" aria-roledescription=\"carousel\" aria-label=\"Carrossel de imagens\" dir=\"ltr\">\n\t\t\t<div class=\"elementor-image-carousel swiper-wrapper swiper-image-stretch\" aria-live=\"off\">\n\t\t\t\t\t\t\t\t<div class=\"swiper-slide\" role=\"group\" aria-roledescription=\"slide\" aria-label=\"1 de 20\"><figure class=\"swiper-slide-inner\"><img decoding=\"async\" class=\"swiper-slide-image\" src=\"https:\/\/prousiesp.com.br\/wp-content\/uploads\/2021\/08\/voith-logo-300x300.png\" alt=\"Voith\" \/><\/figure><\/div><div class=\"swiper-slide\" role=\"group\" aria-roledescription=\"slide\" aria-label=\"2 de 20\"><figure class=\"swiper-slide-inner\"><img decoding=\"async\" class=\"swiper-slide-image\" src=\"https:\/\/prousiesp.com.br\/wp-content\/uploads\/2021\/08\/technipFMC_logo-300x169.png\" alt=\"TechnipFMC\" \/><\/figure><\/div><div class=\"swiper-slide\" role=\"group\" aria-roledescription=\"slide\" aria-label=\"3 de 20\"><figure class=\"swiper-slide-inner\"><img decoding=\"async\" class=\"swiper-slide-image\" src=\"https:\/\/prousiesp.com.br\/wp-content\/uploads\/2021\/08\/siemens-300x169.png\" alt=\"Siemens\" \/><\/figure><\/div><div class=\"swiper-slide\" role=\"group\" aria-roledescription=\"slide\" aria-label=\"4 de 20\"><figure class=\"swiper-slide-inner\"><img decoding=\"async\" class=\"swiper-slide-image\" src=\"https:\/\/prousiesp.com.br\/wp-content\/uploads\/2021\/08\/Schlumberger-Logo-300x188.png\" alt=\"Schlumberger\" \/><\/figure><\/div><div class=\"swiper-slide\" role=\"group\" aria-roledescription=\"slide\" aria-label=\"5 de 20\"><figure class=\"swiper-slide-inner\"><img decoding=\"async\" class=\"swiper-slide-image\" src=\"https:\/\/prousiesp.com.br\/wp-content\/uploads\/2021\/08\/nov-logo.png\" alt=\"NOV\" \/><\/figure><\/div><div class=\"swiper-slide\" role=\"group\" aria-roledescription=\"slide\" aria-label=\"6 de 20\"><figure class=\"swiper-slide-inner\"><img decoding=\"async\" class=\"swiper-slide-image\" src=\"https:\/\/prousiesp.com.br\/wp-content\/uploads\/2021\/08\/Halliburton-Logo-300x187.png\" alt=\"Halliburton\" \/><\/figure><\/div><div class=\"swiper-slide\" role=\"group\" aria-roledescription=\"slide\" aria-label=\"7 de 20\"><figure class=\"swiper-slide-inner\"><img decoding=\"async\" class=\"swiper-slide-image\" src=\"https:\/\/prousiesp.com.br\/wp-content\/uploads\/2021\/08\/ge-power-300x300.jpg\" alt=\"Ge Power\" \/><\/figure><\/div><div class=\"swiper-slide\" role=\"group\" aria-roledescription=\"slide\" aria-label=\"8 de 20\"><figure class=\"swiper-slide-inner\"><img decoding=\"async\" class=\"swiper-slide-image\" src=\"https:\/\/prousiesp.com.br\/wp-content\/uploads\/2021\/08\/client-logo-onesubsea-300x237.png\" alt=\"OneSubsea\" \/><\/figure><\/div><div class=\"swiper-slide\" role=\"group\" aria-roledescription=\"slide\" aria-label=\"9 de 20\"><figure class=\"swiper-slide-inner\"><img decoding=\"async\" class=\"swiper-slide-image\" src=\"https:\/\/prousiesp.com.br\/wp-content\/uploads\/2021\/08\/Baker-Hughes-300x150.png\" alt=\"Baker Hughes\" \/><\/figure><\/div><div class=\"swiper-slide\" role=\"group\" aria-roledescription=\"slide\" aria-label=\"10 de 20\"><figure class=\"swiper-slide-inner\"><img decoding=\"async\" class=\"swiper-slide-image\" src=\"https:\/\/prousiesp.com.br\/wp-content\/uploads\/2021\/08\/aker-solutions-300x200.png\" alt=\"AkerSolutions\" \/><\/figure><\/div><div class=\"swiper-slide\" role=\"group\" aria-roledescription=\"slide\" aria-label=\"11 de 20\"><figure class=\"swiper-slide-inner\"><img decoding=\"async\" class=\"swiper-slide-image\" src=\"https:\/\/prousiesp.com.br\/wp-content\/uploads\/2021\/08\/1280px-Weatherford_International_Logo.svg_-300x125.png\" alt=\"1280px-Weatherford_International_Logo.svg\" \/><\/figure><\/div><div class=\"swiper-slide\" role=\"group\" aria-roledescription=\"slide\" aria-label=\"12 de 20\"><figure class=\"swiper-slide-inner\"><img decoding=\"async\" class=\"swiper-slide-image\" src=\"https:\/\/prousiesp.com.br\/wp-content\/uploads\/2021\/08\/DrilQuip1-300x137.jpg\" alt=\"DrilQuip1\" \/><\/figure><\/div><div class=\"swiper-slide\" role=\"group\" aria-roledescription=\"slide\" aria-label=\"13 de 20\"><figure class=\"swiper-slide-inner\"><img decoding=\"async\" class=\"swiper-slide-image\" src=\"https:\/\/prousiesp.com.br\/wp-content\/uploads\/2021\/08\/Alstom-Logo-1-300x151.png\" alt=\"Alstom-Logo\" \/><\/figure><\/div><div class=\"swiper-slide\" role=\"group\" aria-roledescription=\"slide\" aria-label=\"14 de 20\"><figure class=\"swiper-slide-inner\"><img decoding=\"async\" class=\"swiper-slide-image\" src=\"https:\/\/prousiesp.com.br\/wp-content\/uploads\/2021\/08\/Amsted-Logo-1-300x151.png\" alt=\"Amsted Logo\" \/><\/figure><\/div><div class=\"swiper-slide\" role=\"group\" aria-roledescription=\"slide\" aria-label=\"15 de 20\"><figure class=\"swiper-slide-inner\"><img decoding=\"async\" class=\"swiper-slide-image\" src=\"https:\/\/prousiesp.com.br\/wp-content\/uploads\/2021\/08\/CBC-Logo-1-300x105.png\" alt=\"CBC Logo\" \/><\/figure><\/div><div class=\"swiper-slide\" role=\"group\" aria-roledescription=\"slide\" aria-label=\"16 de 20\"><figure class=\"swiper-slide-inner\"><img decoding=\"async\" class=\"swiper-slide-image\" src=\"https:\/\/prousiesp.com.br\/wp-content\/uploads\/2021\/08\/Crenlo-Logo-1-300x151.jpg\" alt=\"Crenlo - Logo\" \/><\/figure><\/div><div class=\"swiper-slide\" role=\"group\" aria-roledescription=\"slide\" aria-label=\"17 de 20\"><figure class=\"swiper-slide-inner\"><img decoding=\"async\" class=\"swiper-slide-image\" src=\"https:\/\/prousiesp.com.br\/wp-content\/uploads\/2021\/08\/Embraer-Logo-1-300x144.png\" alt=\"Embraer Logo\" \/><\/figure><\/div><div class=\"swiper-slide\" role=\"group\" aria-roledescription=\"slide\" aria-label=\"18 de 20\"><figure class=\"swiper-slide-inner\"><img decoding=\"async\" class=\"swiper-slide-image\" src=\"https:\/\/prousiesp.com.br\/wp-content\/uploads\/2021\/08\/Schuler-Logo-1.jpg\" alt=\"Schuler Logo\" \/><\/figure><\/div><div class=\"swiper-slide\" role=\"group\" aria-roledescription=\"slide\" aria-label=\"19 de 20\"><figure class=\"swiper-slide-inner\"><img decoding=\"async\" class=\"swiper-slide-image\" src=\"https:\/\/prousiesp.com.br\/wp-content\/uploads\/2021\/08\/Valmet-Logo-1-300x300.png\" alt=\"Valmet Logo\" \/><\/figure><\/div><div class=\"swiper-slide\" role=\"group\" aria-roledescription=\"slide\" aria-label=\"20 de 20\"><figure class=\"swiper-slide-inner\"><img decoding=\"async\" class=\"swiper-slide-image\" src=\"https:\/\/prousiesp.com.br\/wp-content\/uploads\/2021\/08\/Weg-Logo-1-300x168.png\" alt=\"Weg Logo\" \/><\/figure><\/div>\t\t\t<\/div>\n\t\t\t\t\t\t\t\t\t\t\t\t<div class=\"elementor-swiper-button elementor-swiper-button-prev\" role=\"button\" tabindex=\"0\">\n\t\t\t\t\t\t<svg aria-hidden=\"true\" class=\"e-font-icon-svg e-eicon-chevron-left\" viewBox=\"0 0 1000 1000\" xmlns=\"http:\/\/www.w3.org\/2000\/svg\"><path d=\"M646 125C629 125 613 133 604 142L308 442C296 454 292 471 292 487 292 504 296 521 308 533L604 854C617 867 629 875 646 875 663 875 679 871 692 858 704 846 713 829 713 812 713 796 708 779 692 767L438 487 692 225C700 217 708 204 708 187 708 171 704 154 692 142 675 129 663 125 646 125Z\"><\/path><\/svg>\t\t\t\t\t<\/div>\n\t\t\t\t\t<div class=\"elementor-swiper-button elementor-swiper-button-next\" role=\"button\" tabindex=\"0\">\n\t\t\t\t\t\t<svg aria-hidden=\"true\" class=\"e-font-icon-svg e-eicon-chevron-right\" viewBox=\"0 0 1000 1000\" xmlns=\"http:\/\/www.w3.org\/2000\/svg\"><path d=\"M696 533C708 521 713 504 713 487 713 471 708 454 696 446L400 146C388 133 375 125 354 125 338 125 325 129 313 142 300 154 292 171 292 187 292 204 296 221 308 233L563 492 304 771C292 783 288 800 288 817 288 833 296 850 308 863 321 871 338 875 354 875 371 875 388 867 400 854L696 533Z\"><\/path><\/svg>\t\t\t\t\t<\/div>\n\t\t\t\t\n\t\t\t\t\t\t\t\t\t<\/div>\n\t\t\t\t\t\t<\/div>\n\t\t\t\t<\/div>\n\t\t\t\t<\/div>\n\t\t\t\t<\/div>\n\t\t\t\t<\/div>\n\t\t","protected":false},"excerpt":{"rendered":"<p>Clientes Sucesso compartilhado Temos com nossos clientes uma parceria estrat\u00e9gica de neg\u00f3cio.O pleno desenvolvimento dos seus projetos \u00e9 nosso objetivo, sempre. O sucesso deles \u00e9 nosso tamb\u00e9m. Anterior Pr\u00f3ximo<\/p>\n","protected":false},"author":1,"featured_media":990,"parent":0,"menu_order":0,"comment_status":"closed","ping_status":"closed","template":"","meta":{"footnotes":""},"class_list":["post-22","page","type-page","status-publish","has-post-thumbnail","hentry"],"yoast_head":"<!-- This site is optimized with the Yoast SEO plugin v26.9 - https:\/\/yoast.com\/product\/yoast-seo-wordpress\/ -->\n<title>Clientes - Prousiesp Usinagens Especiais e Caldeiraria<\/title>\n<meta name=\"description\" content=\"Conhe\u00e7a os principais clientes da Usiesp, uma empresa especializada em Usinagem, Caldeiraria, Revestimento (cladding) e Pintura\" \/>\n<meta name=\"robots\" content=\"index, follow, max-snippet:-1, max-image-preview:large, max-video-preview:-1\" \/>\n<link rel=\"canonical\" href=\"https:\/\/prousiesp.com.br\/pt_br\/principais-clientes\/\" \/>\n<meta property=\"og:locale\" content=\"pt_BR\" \/>\n<meta property=\"og:type\" content=\"article\" \/>\n<meta property=\"og:title\" content=\"Clientes - Prousiesp Usinagens Especiais e Caldeiraria\" \/>\n<meta property=\"og:description\" content=\"Conhe\u00e7a os principais clientes da Usiesp, uma empresa especializada em Usinagem, Caldeiraria, Revestimento (cladding) e Pintura\" \/>\n<meta property=\"og:url\" content=\"https:\/\/prousiesp.com.br\/pt_br\/principais-clientes\/\" \/>\n<meta property=\"og:site_name\" content=\"Prousiesp\" \/>\n<meta property=\"article:modified_time\" content=\"2023-03-09T18:47:14+00:00\" \/>\n<meta property=\"og:image\" content=\"https:\/\/prousiesp.com.br\/wp-content\/uploads\/2021\/07\/Drone-011-2.jpg\" \/>\n\t<meta property=\"og:image:width\" content=\"1920\" \/>\n\t<meta property=\"og:image:height\" content=\"943\" \/>\n\t<meta property=\"og:image:type\" content=\"image\/jpeg\" \/>\n<meta name=\"twitter:card\" content=\"summary_large_image\" \/>\n<meta name=\"twitter:label1\" content=\"Est. tempo de leitura\" \/>\n\t<meta name=\"twitter:data1\" content=\"7 minutos\" \/>\n<script type=\"application\/ld+json\" class=\"yoast-schema-graph\">{\"@context\":\"https:\/\/schema.org\",\"@graph\":[{\"@type\":\"WebPage\",\"@id\":\"https:\/\/prousiesp.com.br\/pt_br\/principais-clientes\/\",\"url\":\"https:\/\/prousiesp.com.br\/pt_br\/principais-clientes\/\",\"name\":\"Clientes - Prousiesp Usinagens Especiais e Caldeiraria\",\"isPartOf\":{\"@id\":\"https:\/\/prousiesp.com.br\/#website\"},\"primaryImageOfPage\":{\"@id\":\"https:\/\/prousiesp.com.br\/pt_br\/principais-clientes\/#primaryimage\"},\"image\":{\"@id\":\"https:\/\/prousiesp.com.br\/pt_br\/principais-clientes\/#primaryimage\"},\"thumbnailUrl\":\"https:\/\/prousiesp.com.br\/wp-content\/uploads\/2021\/07\/Drone-011-2.jpg\",\"datePublished\":\"2021-07-28T14:56:12+00:00\",\"dateModified\":\"2023-03-09T18:47:14+00:00\",\"description\":\"Conhe\u00e7a os principais clientes da Usiesp, uma empresa especializada em Usinagem, Caldeiraria, Revestimento (cladding) e Pintura\",\"breadcrumb\":{\"@id\":\"https:\/\/prousiesp.com.br\/pt_br\/principais-clientes\/#breadcrumb\"},\"inLanguage\":\"pt-BR\",\"potentialAction\":[{\"@type\":\"ReadAction\",\"target\":[\"https:\/\/prousiesp.com.br\/pt_br\/principais-clientes\/\"]}]},{\"@type\":\"ImageObject\",\"inLanguage\":\"pt-BR\",\"@id\":\"https:\/\/prousiesp.com.br\/pt_br\/principais-clientes\/#primaryimage\",\"url\":\"https:\/\/prousiesp.com.br\/wp-content\/uploads\/2021\/07\/Drone-011-2.jpg\",\"contentUrl\":\"https:\/\/prousiesp.com.br\/wp-content\/uploads\/2021\/07\/Drone-011-2.jpg\",\"width\":1920,\"height\":943},{\"@type\":\"BreadcrumbList\",\"@id\":\"https:\/\/prousiesp.com.br\/pt_br\/principais-clientes\/#breadcrumb\",\"itemListElement\":[{\"@type\":\"ListItem\",\"position\":1,\"name\":\"In\u00edcio\",\"item\":\"https:\/\/prousiesp.com.br\/pt_br\/\"},{\"@type\":\"ListItem\",\"position\":2,\"name\":\"Clientes\"}]},{\"@type\":\"WebSite\",\"@id\":\"https:\/\/prousiesp.com.br\/#website\",\"url\":\"https:\/\/prousiesp.com.br\/\",\"name\":\"Prousiesp\",\"description\":\"Ind\u00fastria Especializada em Usinagem &amp; Caldeiraria\",\"publisher\":{\"@id\":\"https:\/\/prousiesp.com.br\/#organization\"},\"potentialAction\":[{\"@type\":\"SearchAction\",\"target\":{\"@type\":\"EntryPoint\",\"urlTemplate\":\"https:\/\/prousiesp.com.br\/?s={search_term_string}\"},\"query-input\":{\"@type\":\"PropertyValueSpecification\",\"valueRequired\":true,\"valueName\":\"search_term_string\"}}],\"inLanguage\":\"pt-BR\"},{\"@type\":\"Organization\",\"@id\":\"https:\/\/prousiesp.com.br\/#organization\",\"name\":\"Prousiesp\",\"url\":\"https:\/\/prousiesp.com.br\/\",\"logo\":{\"@type\":\"ImageObject\",\"inLanguage\":\"pt-BR\",\"@id\":\"https:\/\/prousiesp.com.br\/#\/schema\/logo\/image\/\",\"url\":\"https:\/\/prousiesp.com.br\/wp-content\/uploads\/2021\/07\/prousiesp-progroup-2.png\",\"contentUrl\":\"https:\/\/prousiesp.com.br\/wp-content\/uploads\/2021\/07\/prousiesp-progroup-2.png\",\"width\":215,\"height\":95,\"caption\":\"Prousiesp\"},\"image\":{\"@id\":\"https:\/\/prousiesp.com.br\/#\/schema\/logo\/image\/\"}}]}<\/script>\n<!-- \/ Yoast SEO plugin. -->","yoast_head_json":{"title":"Clientes - Prousiesp Usinagens Especiais e Caldeiraria","description":"Conhe\u00e7a os principais clientes da Usiesp, uma empresa especializada em Usinagem, Caldeiraria, Revestimento (cladding) e Pintura","robots":{"index":"index","follow":"follow","max-snippet":"max-snippet:-1","max-image-preview":"max-image-preview:large","max-video-preview":"max-video-preview:-1"},"canonical":"https:\/\/prousiesp.com.br\/pt_br\/principais-clientes\/","og_locale":"pt_BR","og_type":"article","og_title":"Clientes - Prousiesp Usinagens Especiais e Caldeiraria","og_description":"Conhe\u00e7a os principais clientes da Usiesp, uma empresa especializada em Usinagem, Caldeiraria, Revestimento (cladding) e Pintura","og_url":"https:\/\/prousiesp.com.br\/pt_br\/principais-clientes\/","og_site_name":"Prousiesp","article_modified_time":"2023-03-09T18:47:14+00:00","og_image":[{"width":1920,"height":943,"url":"https:\/\/prousiesp.com.br\/wp-content\/uploads\/2021\/07\/Drone-011-2.jpg","type":"image\/jpeg"}],"twitter_card":"summary_large_image","twitter_misc":{"Est. tempo de leitura":"7 minutos"},"schema":{"@context":"https:\/\/schema.org","@graph":[{"@type":"WebPage","@id":"https:\/\/prousiesp.com.br\/pt_br\/principais-clientes\/","url":"https:\/\/prousiesp.com.br\/pt_br\/principais-clientes\/","name":"Clientes - Prousiesp Usinagens Especiais e Caldeiraria","isPartOf":{"@id":"https:\/\/prousiesp.com.br\/#website"},"primaryImageOfPage":{"@id":"https:\/\/prousiesp.com.br\/pt_br\/principais-clientes\/#primaryimage"},"image":{"@id":"https:\/\/prousiesp.com.br\/pt_br\/principais-clientes\/#primaryimage"},"thumbnailUrl":"https:\/\/prousiesp.com.br\/wp-content\/uploads\/2021\/07\/Drone-011-2.jpg","datePublished":"2021-07-28T14:56:12+00:00","dateModified":"2023-03-09T18:47:14+00:00","description":"Conhe\u00e7a os principais clientes da Usiesp, uma empresa especializada em Usinagem, Caldeiraria, Revestimento (cladding) e Pintura","breadcrumb":{"@id":"https:\/\/prousiesp.com.br\/pt_br\/principais-clientes\/#breadcrumb"},"inLanguage":"pt-BR","potentialAction":[{"@type":"ReadAction","target":["https:\/\/prousiesp.com.br\/pt_br\/principais-clientes\/"]}]},{"@type":"ImageObject","inLanguage":"pt-BR","@id":"https:\/\/prousiesp.com.br\/pt_br\/principais-clientes\/#primaryimage","url":"https:\/\/prousiesp.com.br\/wp-content\/uploads\/2021\/07\/Drone-011-2.jpg","contentUrl":"https:\/\/prousiesp.com.br\/wp-content\/uploads\/2021\/07\/Drone-011-2.jpg","width":1920,"height":943},{"@type":"BreadcrumbList","@id":"https:\/\/prousiesp.com.br\/pt_br\/principais-clientes\/#breadcrumb","itemListElement":[{"@type":"ListItem","position":1,"name":"In\u00edcio","item":"https:\/\/prousiesp.com.br\/pt_br\/"},{"@type":"ListItem","position":2,"name":"Clientes"}]},{"@type":"WebSite","@id":"https:\/\/prousiesp.com.br\/#website","url":"https:\/\/prousiesp.com.br\/","name":"Prousiesp","description":"Ind\u00fastria Especializada em Usinagem &amp; Caldeiraria","publisher":{"@id":"https:\/\/prousiesp.com.br\/#organization"},"potentialAction":[{"@type":"SearchAction","target":{"@type":"EntryPoint","urlTemplate":"https:\/\/prousiesp.com.br\/?s={search_term_string}"},"query-input":{"@type":"PropertyValueSpecification","valueRequired":true,"valueName":"search_term_string"}}],"inLanguage":"pt-BR"},{"@type":"Organization","@id":"https:\/\/prousiesp.com.br\/#organization","name":"Prousiesp","url":"https:\/\/prousiesp.com.br\/","logo":{"@type":"ImageObject","inLanguage":"pt-BR","@id":"https:\/\/prousiesp.com.br\/#\/schema\/logo\/image\/","url":"https:\/\/prousiesp.com.br\/wp-content\/uploads\/2021\/07\/prousiesp-progroup-2.png","contentUrl":"https:\/\/prousiesp.com.br\/wp-content\/uploads\/2021\/07\/prousiesp-progroup-2.png","width":215,"height":95,"caption":"Prousiesp"},"image":{"@id":"https:\/\/prousiesp.com.br\/#\/schema\/logo\/image\/"}}]}},"_links":{"self":[{"href":"https:\/\/prousiesp.com.br\/pt_br\/wp-json\/wp\/v2\/pages\/22","targetHints":{"allow":["GET"]}}],"collection":[{"href":"https:\/\/prousiesp.com.br\/pt_br\/wp-json\/wp\/v2\/pages"}],"about":[{"href":"https:\/\/prousiesp.com.br\/pt_br\/wp-json\/wp\/v2\/types\/page"}],"author":[{"embeddable":true,"href":"https:\/\/prousiesp.com.br\/pt_br\/wp-json\/wp\/v2\/users\/1"}],"replies":[{"embeddable":true,"href":"https:\/\/prousiesp.com.br\/pt_br\/wp-json\/wp\/v2\/comments?post=22"}],"version-history":[{"count":0,"href":"https:\/\/prousiesp.com.br\/pt_br\/wp-json\/wp\/v2\/pages\/22\/revisions"}],"wp:featuredmedia":[{"embeddable":true,"href":"https:\/\/prousiesp.com.br\/pt_br\/wp-json\/wp\/v2\/media\/990"}],"wp:attachment":[{"href":"https:\/\/prousiesp.com.br\/pt_br\/wp-json\/wp\/v2\/media?parent=22"}],"curies":[{"name":"wp","href":"https:\/\/api.w.org\/{rel}","templated":true}]}}