{"id":2665,"date":"2024-09-20T12:57:24","date_gmt":"2024-09-20T15:57:24","guid":{"rendered":"https:\/\/prousiesp.com.br\/?page_id=2665"},"modified":"2024-09-20T13:02:05","modified_gmt":"2024-09-20T16:02:05","slug":"vaga-preparador-e-operador-de-centro-de-usinagem","status":"publish","type":"page","link":"https:\/\/prousiesp.com.br\/en\/vaga-preparador-e-operador-de-centro-de-usinagem\/","title":{"rendered":"Vaga &#8211; PREPARADOR E OPERADOR DE CENTRO DE USINAGEM"},"content":{"rendered":"<div data-elementor-type=\"wp-page\" data-elementor-id=\"2665\" class=\"elementor elementor-2665\" data-elementor-post-type=\"page\">\n\t\t\t\t<div class=\"elementor-element elementor-element-c3ba4d2 e-flex e-con-boxed e-con e-parent\" data-id=\"c3ba4d2\" data-element_type=\"container\">\n\t\t\t\t\t<div class=\"e-con-inner\">\n\t\t\t\t<div class=\"elementor-element elementor-element-9ae7d42 elementor-widget elementor-widget-spacer\" data-id=\"9ae7d42\" data-element_type=\"widget\" data-widget_type=\"spacer.default\">\n\t\t\t\t<div class=\"elementor-widget-container\">\n\t\t\t\t\t\t\t<div class=\"elementor-spacer\">\n\t\t\t<div class=\"elementor-spacer-inner\"><\/div>\n\t\t<\/div>\n\t\t\t\t\t\t<\/div>\n\t\t\t\t<\/div>\n\t\t\t\t<div class=\"elementor-element elementor-element-0cf144f elementor-widget elementor-widget-heading\" data-id=\"0cf144f\" data-element_type=\"widget\" data-widget_type=\"heading.default\">\n\t\t\t\t<div class=\"elementor-widget-container\">\n\t\t\t\t\t<h2 class=\"elementor-heading-title elementor-size-default\">PREPARADOR E OPERADOR DE CENTRO DE USINAGEM<\/h2>\t\t\t\t<\/div>\n\t\t\t\t<\/div>\n\t\t\t\t<div class=\"elementor-element elementor-element-1de6907 elementor-widget elementor-widget-text-editor\" data-id=\"1de6907\" data-element_type=\"widget\" data-widget_type=\"text-editor.default\">\n\t\t\t\t<div class=\"elementor-widget-container\">\n\t\t\t\t\t\t\t\t\t<p>Executar os trabalhos de usinagem de pe\u00e7as em metais ferrosos e n\u00e3o ferrosos por meio da prepara\u00e7\u00e3o e opera\u00e7\u00e3o de m\u00e1quinas computadorizadas CNC (torno, fresa, furadeira, centro de usinagem, ret\u00edfica etc.), operando de acordo com os desenhos e servi\u00e7os a serem executados.<\/p>\t\t\t\t\t\t\t\t<\/div>\n\t\t\t\t<\/div>\n\t\t\t\t<div class=\"elementor-element elementor-element-8758420 elementor-widget elementor-widget-text-editor\" data-id=\"8758420\" data-element_type=\"widget\" data-widget_type=\"text-editor.default\">\n\t\t\t\t<div class=\"elementor-widget-container\">\n\t\t\t\t\t\t\t\t\t<p><strong>Requisitos:<\/strong><\/p><ul><li>Conhecimento em leitura e interpreta\u00e7\u00e3o de desenhos<\/li><li>Conhecimento em paqu\u00edmetro e micr\u00f4metro<\/li><li>Desej\u00e1vel curso profissionalizante em usinagem ou mec\u00e2nica geral<\/li><li>Desej\u00e1vel experi\u00eancia em ferramentaria ou em empresas de \u00f3leo e g\u00e1s<\/li><li>Residir em Valinhos ou em cidades vizinhas<\/li><\/ul>\t\t\t\t\t\t\t\t<\/div>\n\t\t\t\t<\/div>\n\t\t\t\t<div class=\"elementor-element elementor-element-734953a elementor-widget elementor-widget-text-editor\" data-id=\"734953a\" data-element_type=\"widget\" data-widget_type=\"text-editor.default\">\n\t\t\t\t<div class=\"elementor-widget-container\">\n\t\t\t\t\t\t\t\t\t<p><strong>Sal\u00e1rio compat\u00edvel com mercado<\/strong><\/p><p>Refeit\u00f3rio local + VT + Plano de sa\u00fade + Plano odontol\u00f3gico + Seguro de Vida<\/p>\t\t\t\t\t\t\t\t<\/div>\n\t\t\t\t<\/div>\n\t\t\t\t<div class=\"elementor-element elementor-element-e0569b6 elementor-widget elementor-widget-button\" data-id=\"e0569b6\" data-element_type=\"widget\" data-widget_type=\"button.default\">\n\t\t\t\t<div class=\"elementor-widget-container\">\n\t\t\t\t\t\t\t\t\t<div class=\"elementor-button-wrapper\">\n\t\t\t\t\t<a class=\"elementor-button elementor-button-link elementor-size-sm\" href=\"https:\/\/prousiesp.com.br\/en\/trabalhe-conosco\/\" id=\"paginadavaga\">\n\t\t\t\t\t\t<span class=\"elementor-button-content-wrapper\">\n\t\t\t\t\t\t\t\t\t<span class=\"elementor-button-text\">Cadastrar Curr\u00edculo<\/span>\n\t\t\t\t\t<\/span>\n\t\t\t\t\t<\/a>\n\t\t\t\t<\/div>\n\t\t\t\t\t\t\t\t<\/div>\n\t\t\t\t<\/div>\n\t\t\t\t\t<\/div>\n\t\t\t\t<\/div>\n\t\t\t\t<\/div>","protected":false},"excerpt":{"rendered":"<p>PREPARADOR E OPERADOR DE CENTRO DE USINAGEM Executar os trabalhos de usinagem de pe\u00e7as em metais ferrosos e n\u00e3o ferrosos por meio da prepara\u00e7\u00e3o e opera\u00e7\u00e3o de m\u00e1quinas computadorizadas CNC (torno, fresa, furadeira, centro de usinagem, ret\u00edfica etc.), operando de acordo com os desenhos e servi\u00e7os a serem executados. Requisitos: Conhecimento em leitura e interpreta\u00e7\u00e3o [&hellip;]<\/p>","protected":false},"author":1,"featured_media":0,"parent":0,"menu_order":0,"comment_status":"closed","ping_status":"closed","template":"","meta":{"footnotes":""},"class_list":["post-2665","page","type-page","status-publish","hentry"],"yoast_head":"<!-- This site is optimized with the Yoast SEO plugin v26.9 - https:\/\/yoast.com\/product\/yoast-seo-wordpress\/ -->\n<title>Vaga - PREPARADOR E OPERADOR DE CENTRO DE USINAGEM - Prousiesp<\/title>\n<meta name=\"description\" content=\"PREPARADOR E OPERADOR DE CENTRO DE USINAGEM\" \/>\n<meta name=\"robots\" content=\"index, follow, max-snippet:-1, max-image-preview:large, max-video-preview:-1\" \/>\n<link rel=\"canonical\" href=\"https:\/\/prousiesp.com.br\/en\/vaga-preparador-e-operador-de-centro-de-usinagem\/\" \/>\n<meta property=\"og:locale\" content=\"en_US\" \/>\n<meta property=\"og:type\" content=\"article\" \/>\n<meta property=\"og:title\" content=\"Vaga - PREPARADOR E OPERADOR DE CENTRO DE USINAGEM - Prousiesp\" \/>\n<meta property=\"og:description\" content=\"PREPARADOR E OPERADOR DE CENTRO DE USINAGEM\" \/>\n<meta property=\"og:url\" content=\"https:\/\/prousiesp.com.br\/en\/vaga-preparador-e-operador-de-centro-de-usinagem\/\" \/>\n<meta property=\"og:site_name\" content=\"Prousiesp\" \/>\n<meta property=\"article:modified_time\" content=\"2024-09-20T16:02:05+00:00\" \/>\n<meta name=\"twitter:card\" content=\"summary_large_image\" \/>\n<meta name=\"twitter:label1\" content=\"Est. reading time\" \/>\n\t<meta name=\"twitter:data1\" content=\"1 minute\" \/>\n<script type=\"application\/ld+json\" class=\"yoast-schema-graph\">{\"@context\":\"https:\/\/schema.org\",\"@graph\":[{\"@type\":\"WebPage\",\"@id\":\"https:\/\/prousiesp.com.br\/pt_br\/vaga-preparador-e-operador-de-centro-de-usinagem\/\",\"url\":\"https:\/\/prousiesp.com.br\/pt_br\/vaga-preparador-e-operador-de-centro-de-usinagem\/\",\"name\":\"Vaga - PREPARADOR E OPERADOR DE CENTRO DE USINAGEM - Prousiesp\",\"isPartOf\":{\"@id\":\"https:\/\/prousiesp.com.br\/#website\"},\"datePublished\":\"2024-09-20T15:57:24+00:00\",\"dateModified\":\"2024-09-20T16:02:05+00:00\",\"description\":\"PREPARADOR E OPERADOR DE CENTRO DE USINAGEM\",\"breadcrumb\":{\"@id\":\"https:\/\/prousiesp.com.br\/pt_br\/vaga-preparador-e-operador-de-centro-de-usinagem\/#breadcrumb\"},\"inLanguage\":\"en-US\",\"potentialAction\":[{\"@type\":\"ReadAction\",\"target\":[\"https:\/\/prousiesp.com.br\/pt_br\/vaga-preparador-e-operador-de-centro-de-usinagem\/\"]}]},{\"@type\":\"BreadcrumbList\",\"@id\":\"https:\/\/prousiesp.com.br\/pt_br\/vaga-preparador-e-operador-de-centro-de-usinagem\/#breadcrumb\",\"itemListElement\":[{\"@type\":\"ListItem\",\"position\":1,\"name\":\"In\u00edcio\",\"item\":\"https:\/\/prousiesp.com.br\/pt_br\/\"},{\"@type\":\"ListItem\",\"position\":2,\"name\":\"Vaga &#8211; PREPARADOR E OPERADOR DE CENTRO DE USINAGEM\"}]},{\"@type\":\"WebSite\",\"@id\":\"https:\/\/prousiesp.com.br\/#website\",\"url\":\"https:\/\/prousiesp.com.br\/\",\"name\":\"Prousiesp\",\"description\":\"Ind\u00fastria Especializada em Usinagem &amp; Caldeiraria\",\"publisher\":{\"@id\":\"https:\/\/prousiesp.com.br\/#organization\"},\"potentialAction\":[{\"@type\":\"SearchAction\",\"target\":{\"@type\":\"EntryPoint\",\"urlTemplate\":\"https:\/\/prousiesp.com.br\/?s={search_term_string}\"},\"query-input\":{\"@type\":\"PropertyValueSpecification\",\"valueRequired\":true,\"valueName\":\"search_term_string\"}}],\"inLanguage\":\"en-US\"},{\"@type\":\"Organization\",\"@id\":\"https:\/\/prousiesp.com.br\/#organization\",\"name\":\"Prousiesp\",\"url\":\"https:\/\/prousiesp.com.br\/\",\"logo\":{\"@type\":\"ImageObject\",\"inLanguage\":\"en-US\",\"@id\":\"https:\/\/prousiesp.com.br\/#\/schema\/logo\/image\/\",\"url\":\"https:\/\/prousiesp.com.br\/wp-content\/uploads\/2021\/07\/prousiesp-progroup-2.png\",\"contentUrl\":\"https:\/\/prousiesp.com.br\/wp-content\/uploads\/2021\/07\/prousiesp-progroup-2.png\",\"width\":215,\"height\":95,\"caption\":\"Prousiesp\"},\"image\":{\"@id\":\"https:\/\/prousiesp.com.br\/#\/schema\/logo\/image\/\"}}]}<\/script>\n<!-- \/ Yoast SEO plugin. -->","yoast_head_json":{"title":"Vaga - PREPARADOR E OPERADOR DE CENTRO DE USINAGEM - Prousiesp","description":"PREPARADOR E OPERADOR DE CENTRO DE USINAGEM","robots":{"index":"index","follow":"follow","max-snippet":"max-snippet:-1","max-image-preview":"max-image-preview:large","max-video-preview":"max-video-preview:-1"},"canonical":"https:\/\/prousiesp.com.br\/en\/vaga-preparador-e-operador-de-centro-de-usinagem\/","og_locale":"en_US","og_type":"article","og_title":"Vaga - PREPARADOR E OPERADOR DE CENTRO DE USINAGEM - Prousiesp","og_description":"PREPARADOR E OPERADOR DE CENTRO DE USINAGEM","og_url":"https:\/\/prousiesp.com.br\/en\/vaga-preparador-e-operador-de-centro-de-usinagem\/","og_site_name":"Prousiesp","article_modified_time":"2024-09-20T16:02:05+00:00","twitter_card":"summary_large_image","twitter_misc":{"Est. reading time":"1 minute"},"schema":{"@context":"https:\/\/schema.org","@graph":[{"@type":"WebPage","@id":"https:\/\/prousiesp.com.br\/pt_br\/vaga-preparador-e-operador-de-centro-de-usinagem\/","url":"https:\/\/prousiesp.com.br\/pt_br\/vaga-preparador-e-operador-de-centro-de-usinagem\/","name":"Vaga - PREPARADOR E OPERADOR DE CENTRO DE USINAGEM - Prousiesp","isPartOf":{"@id":"https:\/\/prousiesp.com.br\/#website"},"datePublished":"2024-09-20T15:57:24+00:00","dateModified":"2024-09-20T16:02:05+00:00","description":"PREPARADOR E OPERADOR DE CENTRO DE USINAGEM","breadcrumb":{"@id":"https:\/\/prousiesp.com.br\/pt_br\/vaga-preparador-e-operador-de-centro-de-usinagem\/#breadcrumb"},"inLanguage":"en-US","potentialAction":[{"@type":"ReadAction","target":["https:\/\/prousiesp.com.br\/pt_br\/vaga-preparador-e-operador-de-centro-de-usinagem\/"]}]},{"@type":"BreadcrumbList","@id":"https:\/\/prousiesp.com.br\/pt_br\/vaga-preparador-e-operador-de-centro-de-usinagem\/#breadcrumb","itemListElement":[{"@type":"ListItem","position":1,"name":"In\u00edcio","item":"https:\/\/prousiesp.com.br\/pt_br\/"},{"@type":"ListItem","position":2,"name":"Vaga &#8211; PREPARADOR E OPERADOR DE CENTRO DE USINAGEM"}]},{"@type":"WebSite","@id":"https:\/\/prousiesp.com.br\/#website","url":"https:\/\/prousiesp.com.br\/","name":"Prousiesp","description":"Ind\u00fastria Especializada em Usinagem &amp; Caldeiraria","publisher":{"@id":"https:\/\/prousiesp.com.br\/#organization"},"potentialAction":[{"@type":"SearchAction","target":{"@type":"EntryPoint","urlTemplate":"https:\/\/prousiesp.com.br\/?s={search_term_string}"},"query-input":{"@type":"PropertyValueSpecification","valueRequired":true,"valueName":"search_term_string"}}],"inLanguage":"en-US"},{"@type":"Organization","@id":"https:\/\/prousiesp.com.br\/#organization","name":"Prousiesp","url":"https:\/\/prousiesp.com.br\/","logo":{"@type":"ImageObject","inLanguage":"en-US","@id":"https:\/\/prousiesp.com.br\/#\/schema\/logo\/image\/","url":"https:\/\/prousiesp.com.br\/wp-content\/uploads\/2021\/07\/prousiesp-progroup-2.png","contentUrl":"https:\/\/prousiesp.com.br\/wp-content\/uploads\/2021\/07\/prousiesp-progroup-2.png","width":215,"height":95,"caption":"Prousiesp"},"image":{"@id":"https:\/\/prousiesp.com.br\/#\/schema\/logo\/image\/"}}]}},"_links":{"self":[{"href":"https:\/\/prousiesp.com.br\/en\/wp-json\/wp\/v2\/pages\/2665","targetHints":{"allow":["GET"]}}],"collection":[{"href":"https:\/\/prousiesp.com.br\/en\/wp-json\/wp\/v2\/pages"}],"about":[{"href":"https:\/\/prousiesp.com.br\/en\/wp-json\/wp\/v2\/types\/page"}],"author":[{"embeddable":true,"href":"https:\/\/prousiesp.com.br\/en\/wp-json\/wp\/v2\/users\/1"}],"replies":[{"embeddable":true,"href":"https:\/\/prousiesp.com.br\/en\/wp-json\/wp\/v2\/comments?post=2665"}],"version-history":[{"count":0,"href":"https:\/\/prousiesp.com.br\/en\/wp-json\/wp\/v2\/pages\/2665\/revisions"}],"wp:attachment":[{"href":"https:\/\/prousiesp.com.br\/en\/wp-json\/wp\/v2\/media?parent=2665"}],"curies":[{"name":"wp","href":"https:\/\/api.w.org\/{rel}","templated":true}]}}