{"id":2496,"date":"2024-08-08T14:53:29","date_gmt":"2024-08-08T17:53:29","guid":{"rendered":"https:\/\/prousiesp.com.br\/?page_id=2496"},"modified":"2024-09-20T09:18:41","modified_gmt":"2024-09-20T12:18:41","slug":"operadorlogistico","status":"publish","type":"page","link":"https:\/\/prousiesp.com.br\/en\/operadorlogistico\/","title":{"rendered":"Vaga &#8211; OPERADOR LOG\u00cdSTICO"},"content":{"rendered":"<div data-elementor-type=\"wp-page\" data-elementor-id=\"2496\" class=\"elementor elementor-2496\" data-elementor-post-type=\"page\">\n\t\t\t\t<div class=\"elementor-element elementor-element-c3ba4d2 e-flex e-con-boxed e-con e-parent\" data-id=\"c3ba4d2\" data-element_type=\"container\">\n\t\t\t\t\t<div class=\"e-con-inner\">\n\t\t\t\t<div class=\"elementor-element elementor-element-4914a38 elementor-widget elementor-widget-spacer\" data-id=\"4914a38\" data-element_type=\"widget\" data-widget_type=\"spacer.default\">\n\t\t\t\t<div class=\"elementor-widget-container\">\n\t\t\t\t\t\t\t<div class=\"elementor-spacer\">\n\t\t\t<div class=\"elementor-spacer-inner\"><\/div>\n\t\t<\/div>\n\t\t\t\t\t\t<\/div>\n\t\t\t\t<\/div>\n\t\t\t\t<div class=\"elementor-element elementor-element-71734c6 elementor-widget elementor-widget-heading\" data-id=\"71734c6\" data-element_type=\"widget\" data-widget_type=\"heading.default\">\n\t\t\t\t<div class=\"elementor-widget-container\">\n\t\t\t\t\t<h2 class=\"elementor-heading-title elementor-size-default\">OPERADOR LOG\u00cdSTICO<\/h2>\t\t\t\t<\/div>\n\t\t\t\t<\/div>\n\t\t\t\t<div class=\"elementor-element elementor-element-1de6907 elementor-widget elementor-widget-text-editor\" data-id=\"1de6907\" data-element_type=\"widget\" data-widget_type=\"text-editor.default\">\n\t\t\t\t<div class=\"elementor-widget-container\">\n\t\t\t\t\t\t\t\t\t<p class=\"xmsonormal\">Movimenta\u00e7\u00e3o de cargas, embalagem e prepara\u00e7\u00e3o de cargas (terceiros e final). Recebimento de cargas, expedi\u00e7\u00e3o de cargas e demais atividades Log\u00edstico.<\/p>\t\t\t\t\t\t\t\t<\/div>\n\t\t\t\t<\/div>\n\t\t\t\t<div class=\"elementor-element elementor-element-8758420 elementor-widget elementor-widget-text-editor\" data-id=\"8758420\" data-element_type=\"widget\" data-widget_type=\"text-editor.default\">\n\t\t\t\t<div class=\"elementor-widget-container\">\n\t\t\t\t\t\t\t\t\t<p><strong>Requisitos:<\/strong><\/p><ul><li class=\"xmsonormal\">Ensino m\u00e9dio completo<\/li><li class=\"xmsonormal\">No\u00e7\u00e3o b\u00e1sica de movimenta\u00e7\u00e3o de carga<\/li><li class=\"xmsonormal\">Desej\u00e1vel conhecimento com Ponte Rolante.<\/li><li class=\"xmsonormal\">Desej\u00e1vel experi\u00eancia com empilhadeira.<\/li><li class=\"xmsonormal\">Residir em Valinhos ou cidades vizinhas.<\/li><li class=\"xmsonormal\">Sal\u00e1rio compat\u00edvel com mercado<\/li><\/ul>\t\t\t\t\t\t\t\t<\/div>\n\t\t\t\t<\/div>\n\t\t\t\t<div class=\"elementor-element elementor-element-734953a elementor-widget elementor-widget-text-editor\" data-id=\"734953a\" data-element_type=\"widget\" data-widget_type=\"text-editor.default\">\n\t\t\t\t<div class=\"elementor-widget-container\">\n\t\t\t\t\t\t\t\t\t<p><strong>Sal\u00e1rio compat\u00edvel com mercado<\/strong><\/p><p><strong>Benef\u00edcios:<\/strong> Refeit\u00f3rio local + VT + Plano de sa\u00fade + Plano odontol\u00f3gico + Seguro de Vida<\/p>\t\t\t\t\t\t\t\t<\/div>\n\t\t\t\t<\/div>\n\t\t\t\t<div class=\"elementor-element elementor-element-e0569b6 elementor-widget elementor-widget-button\" data-id=\"e0569b6\" data-element_type=\"widget\" data-widget_type=\"button.default\">\n\t\t\t\t<div class=\"elementor-widget-container\">\n\t\t\t\t\t\t\t\t\t<div class=\"elementor-button-wrapper\">\n\t\t\t\t\t<a class=\"elementor-button elementor-button-link elementor-size-sm\" href=\"https:\/\/prousiesp.com.br\/en\/trabalhe-conosco\/\" id=\"paginadavaga\">\n\t\t\t\t\t\t<span class=\"elementor-button-content-wrapper\">\n\t\t\t\t\t\t\t\t\t<span class=\"elementor-button-text\">Cadastrar Curr\u00edculo<\/span>\n\t\t\t\t\t<\/span>\n\t\t\t\t\t<\/a>\n\t\t\t\t<\/div>\n\t\t\t\t\t\t\t\t<\/div>\n\t\t\t\t<\/div>\n\t\t\t\t\t<\/div>\n\t\t\t\t<\/div>\n\t\t\t\t<\/div>","protected":false},"excerpt":{"rendered":"<p>OPERADOR LOG\u00cdSTICO Movimenta\u00e7\u00e3o de cargas, embalagem e prepara\u00e7\u00e3o de cargas (terceiros e final). Recebimento de cargas, expedi\u00e7\u00e3o de cargas e demais atividades Log\u00edstico. Requisitos: Ensino m\u00e9dio completo No\u00e7\u00e3o b\u00e1sica de movimenta\u00e7\u00e3o de carga Desej\u00e1vel conhecimento com Ponte Rolante. Desej\u00e1vel experi\u00eancia com empilhadeira. Residir em Valinhos ou cidades vizinhas. Sal\u00e1rio compat\u00edvel com mercado Sal\u00e1rio compat\u00edvel com [&hellip;]<\/p>","protected":false},"author":1,"featured_media":0,"parent":0,"menu_order":0,"comment_status":"closed","ping_status":"closed","template":"","meta":{"footnotes":""},"class_list":["post-2496","page","type-page","status-publish","hentry"],"yoast_head":"<!-- This site is optimized with the Yoast SEO plugin v26.9 - https:\/\/yoast.com\/product\/yoast-seo-wordpress\/ -->\n<title>Vaga - OPERADOR LOG\u00cdSTICO - Prousiesp<\/title>\n<meta name=\"description\" content=\"ANALISTA DE GEST\u00c3O DA QUALIDADE CALDEIRARIA\u200b\" \/>\n<meta name=\"robots\" content=\"index, follow, max-snippet:-1, max-image-preview:large, max-video-preview:-1\" \/>\n<link rel=\"canonical\" href=\"https:\/\/prousiesp.com.br\/en\/operadorlogistico\/\" \/>\n<meta property=\"og:locale\" content=\"en_US\" \/>\n<meta property=\"og:type\" content=\"article\" \/>\n<meta property=\"og:title\" content=\"Vaga - OPERADOR LOG\u00cdSTICO - Prousiesp\" \/>\n<meta property=\"og:description\" content=\"ANALISTA DE GEST\u00c3O DA QUALIDADE CALDEIRARIA\u200b\" \/>\n<meta property=\"og:url\" content=\"https:\/\/prousiesp.com.br\/en\/operadorlogistico\/\" \/>\n<meta property=\"og:site_name\" content=\"Prousiesp\" \/>\n<meta property=\"article:modified_time\" content=\"2024-09-20T12:18:41+00:00\" \/>\n<meta name=\"twitter:card\" content=\"summary_large_image\" \/>\n<meta name=\"twitter:label1\" content=\"Est. reading time\" \/>\n\t<meta name=\"twitter:data1\" content=\"1 minute\" \/>\n<script type=\"application\/ld+json\" class=\"yoast-schema-graph\">{\"@context\":\"https:\/\/schema.org\",\"@graph\":[{\"@type\":\"WebPage\",\"@id\":\"https:\/\/prousiesp.com.br\/operadorlogistico\/\",\"url\":\"https:\/\/prousiesp.com.br\/operadorlogistico\/\",\"name\":\"Vaga - OPERADOR LOG\u00cdSTICO - Prousiesp\",\"isPartOf\":{\"@id\":\"https:\/\/prousiesp.com.br\/#website\"},\"datePublished\":\"2024-08-08T17:53:29+00:00\",\"dateModified\":\"2024-09-20T12:18:41+00:00\",\"description\":\"ANALISTA DE GEST\u00c3O DA QUALIDADE CALDEIRARIA\u200b\",\"breadcrumb\":{\"@id\":\"https:\/\/prousiesp.com.br\/operadorlogistico\/#breadcrumb\"},\"inLanguage\":\"en-US\",\"potentialAction\":[{\"@type\":\"ReadAction\",\"target\":[\"https:\/\/prousiesp.com.br\/operadorlogistico\/\"]}]},{\"@type\":\"BreadcrumbList\",\"@id\":\"https:\/\/prousiesp.com.br\/operadorlogistico\/#breadcrumb\",\"itemListElement\":[{\"@type\":\"ListItem\",\"position\":1,\"name\":\"In\u00edcio\",\"item\":\"https:\/\/prousiesp.com.br\/pt_br\/\"},{\"@type\":\"ListItem\",\"position\":2,\"name\":\"Vaga &#8211; OPERADOR LOG\u00cdSTICO\"}]},{\"@type\":\"WebSite\",\"@id\":\"https:\/\/prousiesp.com.br\/#website\",\"url\":\"https:\/\/prousiesp.com.br\/\",\"name\":\"Prousiesp\",\"description\":\"Ind\u00fastria Especializada em Usinagem &amp; Caldeiraria\",\"publisher\":{\"@id\":\"https:\/\/prousiesp.com.br\/#organization\"},\"potentialAction\":[{\"@type\":\"SearchAction\",\"target\":{\"@type\":\"EntryPoint\",\"urlTemplate\":\"https:\/\/prousiesp.com.br\/?s={search_term_string}\"},\"query-input\":{\"@type\":\"PropertyValueSpecification\",\"valueRequired\":true,\"valueName\":\"search_term_string\"}}],\"inLanguage\":\"en-US\"},{\"@type\":\"Organization\",\"@id\":\"https:\/\/prousiesp.com.br\/#organization\",\"name\":\"Prousiesp\",\"url\":\"https:\/\/prousiesp.com.br\/\",\"logo\":{\"@type\":\"ImageObject\",\"inLanguage\":\"en-US\",\"@id\":\"https:\/\/prousiesp.com.br\/#\/schema\/logo\/image\/\",\"url\":\"https:\/\/prousiesp.com.br\/wp-content\/uploads\/2021\/07\/prousiesp-progroup-2.png\",\"contentUrl\":\"https:\/\/prousiesp.com.br\/wp-content\/uploads\/2021\/07\/prousiesp-progroup-2.png\",\"width\":215,\"height\":95,\"caption\":\"Prousiesp\"},\"image\":{\"@id\":\"https:\/\/prousiesp.com.br\/#\/schema\/logo\/image\/\"}}]}<\/script>\n<!-- \/ Yoast SEO plugin. -->","yoast_head_json":{"title":"Vaga - OPERADOR LOG\u00cdSTICO - Prousiesp","description":"ANALISTA DE GEST\u00c3O DA QUALIDADE CALDEIRARIA\u200b","robots":{"index":"index","follow":"follow","max-snippet":"max-snippet:-1","max-image-preview":"max-image-preview:large","max-video-preview":"max-video-preview:-1"},"canonical":"https:\/\/prousiesp.com.br\/en\/operadorlogistico\/","og_locale":"en_US","og_type":"article","og_title":"Vaga - OPERADOR LOG\u00cdSTICO - Prousiesp","og_description":"ANALISTA DE GEST\u00c3O DA QUALIDADE CALDEIRARIA\u200b","og_url":"https:\/\/prousiesp.com.br\/en\/operadorlogistico\/","og_site_name":"Prousiesp","article_modified_time":"2024-09-20T12:18:41+00:00","twitter_card":"summary_large_image","twitter_misc":{"Est. reading time":"1 minute"},"schema":{"@context":"https:\/\/schema.org","@graph":[{"@type":"WebPage","@id":"https:\/\/prousiesp.com.br\/operadorlogistico\/","url":"https:\/\/prousiesp.com.br\/operadorlogistico\/","name":"Vaga - OPERADOR LOG\u00cdSTICO - Prousiesp","isPartOf":{"@id":"https:\/\/prousiesp.com.br\/#website"},"datePublished":"2024-08-08T17:53:29+00:00","dateModified":"2024-09-20T12:18:41+00:00","description":"ANALISTA DE GEST\u00c3O DA QUALIDADE CALDEIRARIA\u200b","breadcrumb":{"@id":"https:\/\/prousiesp.com.br\/operadorlogistico\/#breadcrumb"},"inLanguage":"en-US","potentialAction":[{"@type":"ReadAction","target":["https:\/\/prousiesp.com.br\/operadorlogistico\/"]}]},{"@type":"BreadcrumbList","@id":"https:\/\/prousiesp.com.br\/operadorlogistico\/#breadcrumb","itemListElement":[{"@type":"ListItem","position":1,"name":"In\u00edcio","item":"https:\/\/prousiesp.com.br\/pt_br\/"},{"@type":"ListItem","position":2,"name":"Vaga &#8211; OPERADOR LOG\u00cdSTICO"}]},{"@type":"WebSite","@id":"https:\/\/prousiesp.com.br\/#website","url":"https:\/\/prousiesp.com.br\/","name":"Prousiesp","description":"Ind\u00fastria Especializada em Usinagem &amp; Caldeiraria","publisher":{"@id":"https:\/\/prousiesp.com.br\/#organization"},"potentialAction":[{"@type":"SearchAction","target":{"@type":"EntryPoint","urlTemplate":"https:\/\/prousiesp.com.br\/?s={search_term_string}"},"query-input":{"@type":"PropertyValueSpecification","valueRequired":true,"valueName":"search_term_string"}}],"inLanguage":"en-US"},{"@type":"Organization","@id":"https:\/\/prousiesp.com.br\/#organization","name":"Prousiesp","url":"https:\/\/prousiesp.com.br\/","logo":{"@type":"ImageObject","inLanguage":"en-US","@id":"https:\/\/prousiesp.com.br\/#\/schema\/logo\/image\/","url":"https:\/\/prousiesp.com.br\/wp-content\/uploads\/2021\/07\/prousiesp-progroup-2.png","contentUrl":"https:\/\/prousiesp.com.br\/wp-content\/uploads\/2021\/07\/prousiesp-progroup-2.png","width":215,"height":95,"caption":"Prousiesp"},"image":{"@id":"https:\/\/prousiesp.com.br\/#\/schema\/logo\/image\/"}}]}},"_links":{"self":[{"href":"https:\/\/prousiesp.com.br\/en\/wp-json\/wp\/v2\/pages\/2496","targetHints":{"allow":["GET"]}}],"collection":[{"href":"https:\/\/prousiesp.com.br\/en\/wp-json\/wp\/v2\/pages"}],"about":[{"href":"https:\/\/prousiesp.com.br\/en\/wp-json\/wp\/v2\/types\/page"}],"author":[{"embeddable":true,"href":"https:\/\/prousiesp.com.br\/en\/wp-json\/wp\/v2\/users\/1"}],"replies":[{"embeddable":true,"href":"https:\/\/prousiesp.com.br\/en\/wp-json\/wp\/v2\/comments?post=2496"}],"version-history":[{"count":0,"href":"https:\/\/prousiesp.com.br\/en\/wp-json\/wp\/v2\/pages\/2496\/revisions"}],"wp:attachment":[{"href":"https:\/\/prousiesp.com.br\/en\/wp-json\/wp\/v2\/media?parent=2496"}],"curies":[{"name":"wp","href":"https:\/\/api.w.org\/{rel}","templated":true}]}}