{"id":2342,"date":"2024-07-12T10:39:23","date_gmt":"2024-07-12T13:39:23","guid":{"rendered":"https:\/\/prousiesp.com.br\/?page_id=2342"},"modified":"2024-08-15T11:06:34","modified_gmt":"2024-08-15T14:06:34","slug":"analista-de-documentacao-tecnica","status":"publish","type":"page","link":"https:\/\/prousiesp.com.br\/en\/analista-de-documentacao-tecnica\/","title":{"rendered":"Vaga &#8211; ANALISTA DE DOCUMENTA\u00c7\u00c3O T\u00c9CNICA"},"content":{"rendered":"<div data-elementor-type=\"wp-page\" data-elementor-id=\"2342\" class=\"elementor elementor-2342\" data-elementor-post-type=\"page\">\n\t\t\t\t<div class=\"elementor-element elementor-element-c3ba4d2 e-flex e-con-boxed e-con e-parent\" data-id=\"c3ba4d2\" data-element_type=\"container\">\n\t\t\t\t\t<div class=\"e-con-inner\">\n\t\t\t\t<div class=\"elementor-element elementor-element-9ae7d42 elementor-widget elementor-widget-spacer\" data-id=\"9ae7d42\" data-element_type=\"widget\" data-widget_type=\"spacer.default\">\n\t\t\t\t<div class=\"elementor-widget-container\">\n\t\t\t\t\t\t\t<div class=\"elementor-spacer\">\n\t\t\t<div class=\"elementor-spacer-inner\"><\/div>\n\t\t<\/div>\n\t\t\t\t\t\t<\/div>\n\t\t\t\t<\/div>\n\t\t\t\t<div class=\"elementor-element elementor-element-0cf144f elementor-widget elementor-widget-heading\" data-id=\"0cf144f\" data-element_type=\"widget\" data-widget_type=\"heading.default\">\n\t\t\t\t<div class=\"elementor-widget-container\">\n\t\t\t\t\t<h2 class=\"elementor-heading-title elementor-size-default\">ANALISTA DE DOCUMENTA\u00c7\u00c3O T\u00c9CNICA<\/h2>\t\t\t\t<\/div>\n\t\t\t\t<\/div>\n\t\t\t\t<div class=\"elementor-element elementor-element-1de6907 elementor-widget elementor-widget-text-editor\" data-id=\"1de6907\" data-element_type=\"widget\" data-widget_type=\"text-editor.default\">\n\t\t\t\t<div class=\"elementor-widget-container\">\n\t\t\t\t\t\t\t\t\t<p>Analisar a documenta\u00e7\u00e3o t\u00e9cnica de certificados de mat\u00e9ria prima;<br \/>Revisar e atualizar documentos t\u00e9cnicos relacionados aos processos de usinagem, solda, montagem, revestimentos, dimensionais, ensaios destrutivos e n\u00e3o destrutivos;<br \/>Controlar revis\u00f5es de desenhos do cliente sempre que iniciar a elabora\u00e7\u00e3o de databook;<br \/>Acompanhar os inspetores na realiza\u00e7\u00e3o das inspe\u00e7\u00f5es das pe\u00e7as e libera\u00e7\u00e3o do databook;<br \/>Elabora\u00e7\u00e3o do Plano de Inspe\u00e7\u00e3o e Teste (PIT).<\/p>\t\t\t\t\t\t\t\t<\/div>\n\t\t\t\t<\/div>\n\t\t\t\t<div class=\"elementor-element elementor-element-8758420 elementor-widget elementor-widget-text-editor\" data-id=\"8758420\" data-element_type=\"widget\" data-widget_type=\"text-editor.default\">\n\t\t\t\t<div class=\"elementor-widget-container\">\n\t\t\t\t\t\t\t\t\t<p><strong>Requisitos:<\/strong><\/p><ul><li>Ensino t\u00e9cnico na \u00e1rea de metal mec\u00e2nica<\/li><li>No\u00e7\u00f5es b\u00e1sicas de paqu\u00edmetro, trena e micrometro<\/li><li>Leitura e interpreta\u00e7\u00e3o de desenho t\u00e9cnico<\/li><li>No\u00e7\u00f5es de part\u00edcula magn\u00e9tica, liquido penetrante, ultrassom, dureza, etc<\/li><li>Residir em Valinhos ou cidades vizinhas.<\/li><\/ul>\t\t\t\t\t\t\t\t<\/div>\n\t\t\t\t<\/div>\n\t\t\t\t<div class=\"elementor-element elementor-element-734953a elementor-widget elementor-widget-text-editor\" data-id=\"734953a\" data-element_type=\"widget\" data-widget_type=\"text-editor.default\">\n\t\t\t\t<div class=\"elementor-widget-container\">\n\t\t\t\t\t\t\t\t\t<p><strong>Sal\u00e1rio compat\u00edvel com mercado<\/strong><\/p><p>Benef\u00edcios: Refeit\u00f3rio local + VT +Plano de sa\u00fade + Plano odontol\u00f3gico + Seguro de Vida<\/p>\t\t\t\t\t\t\t\t<\/div>\n\t\t\t\t<\/div>\n\t\t\t\t<div class=\"elementor-element elementor-element-e0569b6 elementor-widget elementor-widget-button\" data-id=\"e0569b6\" data-element_type=\"widget\" data-widget_type=\"button.default\">\n\t\t\t\t<div class=\"elementor-widget-container\">\n\t\t\t\t\t\t\t\t\t<div class=\"elementor-button-wrapper\">\n\t\t\t\t\t<a class=\"elementor-button elementor-button-link elementor-size-sm\" href=\"https:\/\/prousiesp.com.br\/en\/trabalhe-conosco\/\" id=\"paginadavaga\">\n\t\t\t\t\t\t<span class=\"elementor-button-content-wrapper\">\n\t\t\t\t\t\t\t\t\t<span class=\"elementor-button-text\">Cadastrar Curr\u00edculo<\/span>\n\t\t\t\t\t<\/span>\n\t\t\t\t\t<\/a>\n\t\t\t\t<\/div>\n\t\t\t\t\t\t\t\t<\/div>\n\t\t\t\t<\/div>\n\t\t\t\t\t<\/div>\n\t\t\t\t<\/div>\n\t\t\t\t<\/div>","protected":false},"excerpt":{"rendered":"<p>ANALISTA DE DOCUMENTA\u00c7\u00c3O T\u00c9CNICA Analisar a documenta\u00e7\u00e3o t\u00e9cnica de certificados de mat\u00e9ria prima;Revisar e atualizar documentos t\u00e9cnicos relacionados aos processos de usinagem, solda, montagem, revestimentos, dimensionais, ensaios destrutivos e n\u00e3o destrutivos;Controlar revis\u00f5es de desenhos do cliente sempre que iniciar a elabora\u00e7\u00e3o de databook;Acompanhar os inspetores na realiza\u00e7\u00e3o das inspe\u00e7\u00f5es das pe\u00e7as e libera\u00e7\u00e3o do databook;Elabora\u00e7\u00e3o [&hellip;]<\/p>","protected":false},"author":1,"featured_media":0,"parent":0,"menu_order":0,"comment_status":"closed","ping_status":"closed","template":"","meta":{"footnotes":""},"class_list":["post-2342","page","type-page","status-publish","hentry"],"yoast_head":"<!-- This site is optimized with the Yoast SEO plugin v26.9 - https:\/\/yoast.com\/product\/yoast-seo-wordpress\/ -->\n<title>Vaga - ANALISTA DE DOCUMENTA\u00c7\u00c3O T\u00c9CNICA - Prousiesp<\/title>\n<meta name=\"description\" content=\"ANALISTA DE DOCUMENTA\u00c7\u00c3O T\u00c9CNICA\" \/>\n<meta name=\"robots\" content=\"index, follow, max-snippet:-1, max-image-preview:large, max-video-preview:-1\" \/>\n<link rel=\"canonical\" href=\"https:\/\/prousiesp.com.br\/en\/analista-de-documentacao-tecnica\/\" \/>\n<meta property=\"og:locale\" content=\"en_US\" \/>\n<meta property=\"og:type\" content=\"article\" \/>\n<meta property=\"og:title\" content=\"Vaga - ANALISTA DE DOCUMENTA\u00c7\u00c3O T\u00c9CNICA - Prousiesp\" \/>\n<meta property=\"og:description\" content=\"ANALISTA DE DOCUMENTA\u00c7\u00c3O T\u00c9CNICA\" \/>\n<meta property=\"og:url\" content=\"https:\/\/prousiesp.com.br\/en\/analista-de-documentacao-tecnica\/\" \/>\n<meta property=\"og:site_name\" content=\"Prousiesp\" \/>\n<meta property=\"article:modified_time\" content=\"2024-08-15T14:06:34+00:00\" \/>\n<meta name=\"twitter:card\" content=\"summary_large_image\" \/>\n<meta name=\"twitter:label1\" content=\"Est. reading time\" \/>\n\t<meta name=\"twitter:data1\" content=\"1 minute\" \/>\n<script type=\"application\/ld+json\" class=\"yoast-schema-graph\">{\"@context\":\"https:\/\/schema.org\",\"@graph\":[{\"@type\":\"WebPage\",\"@id\":\"https:\/\/prousiesp.com.br\/pt_br\/analista-de-documentacao-tecnica\/\",\"url\":\"https:\/\/prousiesp.com.br\/pt_br\/analista-de-documentacao-tecnica\/\",\"name\":\"Vaga - ANALISTA DE DOCUMENTA\u00c7\u00c3O T\u00c9CNICA - Prousiesp\",\"isPartOf\":{\"@id\":\"https:\/\/prousiesp.com.br\/#website\"},\"datePublished\":\"2024-07-12T13:39:23+00:00\",\"dateModified\":\"2024-08-15T14:06:34+00:00\",\"description\":\"ANALISTA DE DOCUMENTA\u00c7\u00c3O T\u00c9CNICA\",\"breadcrumb\":{\"@id\":\"https:\/\/prousiesp.com.br\/pt_br\/analista-de-documentacao-tecnica\/#breadcrumb\"},\"inLanguage\":\"en-US\",\"potentialAction\":[{\"@type\":\"ReadAction\",\"target\":[\"https:\/\/prousiesp.com.br\/pt_br\/analista-de-documentacao-tecnica\/\"]}]},{\"@type\":\"BreadcrumbList\",\"@id\":\"https:\/\/prousiesp.com.br\/pt_br\/analista-de-documentacao-tecnica\/#breadcrumb\",\"itemListElement\":[{\"@type\":\"ListItem\",\"position\":1,\"name\":\"In\u00edcio\",\"item\":\"https:\/\/prousiesp.com.br\/pt_br\/\"},{\"@type\":\"ListItem\",\"position\":2,\"name\":\"Vaga &#8211; ANALISTA DE DOCUMENTA\u00c7\u00c3O T\u00c9CNICA\"}]},{\"@type\":\"WebSite\",\"@id\":\"https:\/\/prousiesp.com.br\/#website\",\"url\":\"https:\/\/prousiesp.com.br\/\",\"name\":\"Prousiesp\",\"description\":\"Ind\u00fastria Especializada em Usinagem &amp; Caldeiraria\",\"publisher\":{\"@id\":\"https:\/\/prousiesp.com.br\/#organization\"},\"potentialAction\":[{\"@type\":\"SearchAction\",\"target\":{\"@type\":\"EntryPoint\",\"urlTemplate\":\"https:\/\/prousiesp.com.br\/?s={search_term_string}\"},\"query-input\":{\"@type\":\"PropertyValueSpecification\",\"valueRequired\":true,\"valueName\":\"search_term_string\"}}],\"inLanguage\":\"en-US\"},{\"@type\":\"Organization\",\"@id\":\"https:\/\/prousiesp.com.br\/#organization\",\"name\":\"Prousiesp\",\"url\":\"https:\/\/prousiesp.com.br\/\",\"logo\":{\"@type\":\"ImageObject\",\"inLanguage\":\"en-US\",\"@id\":\"https:\/\/prousiesp.com.br\/#\/schema\/logo\/image\/\",\"url\":\"https:\/\/prousiesp.com.br\/wp-content\/uploads\/2021\/07\/prousiesp-progroup-2.png\",\"contentUrl\":\"https:\/\/prousiesp.com.br\/wp-content\/uploads\/2021\/07\/prousiesp-progroup-2.png\",\"width\":215,\"height\":95,\"caption\":\"Prousiesp\"},\"image\":{\"@id\":\"https:\/\/prousiesp.com.br\/#\/schema\/logo\/image\/\"}}]}<\/script>\n<!-- \/ Yoast SEO plugin. -->","yoast_head_json":{"title":"Vaga - ANALISTA DE DOCUMENTA\u00c7\u00c3O T\u00c9CNICA - Prousiesp","description":"ANALISTA DE DOCUMENTA\u00c7\u00c3O T\u00c9CNICA","robots":{"index":"index","follow":"follow","max-snippet":"max-snippet:-1","max-image-preview":"max-image-preview:large","max-video-preview":"max-video-preview:-1"},"canonical":"https:\/\/prousiesp.com.br\/en\/analista-de-documentacao-tecnica\/","og_locale":"en_US","og_type":"article","og_title":"Vaga - ANALISTA DE DOCUMENTA\u00c7\u00c3O T\u00c9CNICA - Prousiesp","og_description":"ANALISTA DE DOCUMENTA\u00c7\u00c3O T\u00c9CNICA","og_url":"https:\/\/prousiesp.com.br\/en\/analista-de-documentacao-tecnica\/","og_site_name":"Prousiesp","article_modified_time":"2024-08-15T14:06:34+00:00","twitter_card":"summary_large_image","twitter_misc":{"Est. reading time":"1 minute"},"schema":{"@context":"https:\/\/schema.org","@graph":[{"@type":"WebPage","@id":"https:\/\/prousiesp.com.br\/pt_br\/analista-de-documentacao-tecnica\/","url":"https:\/\/prousiesp.com.br\/pt_br\/analista-de-documentacao-tecnica\/","name":"Vaga - ANALISTA DE DOCUMENTA\u00c7\u00c3O T\u00c9CNICA - Prousiesp","isPartOf":{"@id":"https:\/\/prousiesp.com.br\/#website"},"datePublished":"2024-07-12T13:39:23+00:00","dateModified":"2024-08-15T14:06:34+00:00","description":"ANALISTA DE DOCUMENTA\u00c7\u00c3O T\u00c9CNICA","breadcrumb":{"@id":"https:\/\/prousiesp.com.br\/pt_br\/analista-de-documentacao-tecnica\/#breadcrumb"},"inLanguage":"en-US","potentialAction":[{"@type":"ReadAction","target":["https:\/\/prousiesp.com.br\/pt_br\/analista-de-documentacao-tecnica\/"]}]},{"@type":"BreadcrumbList","@id":"https:\/\/prousiesp.com.br\/pt_br\/analista-de-documentacao-tecnica\/#breadcrumb","itemListElement":[{"@type":"ListItem","position":1,"name":"In\u00edcio","item":"https:\/\/prousiesp.com.br\/pt_br\/"},{"@type":"ListItem","position":2,"name":"Vaga &#8211; ANALISTA DE DOCUMENTA\u00c7\u00c3O T\u00c9CNICA"}]},{"@type":"WebSite","@id":"https:\/\/prousiesp.com.br\/#website","url":"https:\/\/prousiesp.com.br\/","name":"Prousiesp","description":"Ind\u00fastria Especializada em Usinagem &amp; Caldeiraria","publisher":{"@id":"https:\/\/prousiesp.com.br\/#organization"},"potentialAction":[{"@type":"SearchAction","target":{"@type":"EntryPoint","urlTemplate":"https:\/\/prousiesp.com.br\/?s={search_term_string}"},"query-input":{"@type":"PropertyValueSpecification","valueRequired":true,"valueName":"search_term_string"}}],"inLanguage":"en-US"},{"@type":"Organization","@id":"https:\/\/prousiesp.com.br\/#organization","name":"Prousiesp","url":"https:\/\/prousiesp.com.br\/","logo":{"@type":"ImageObject","inLanguage":"en-US","@id":"https:\/\/prousiesp.com.br\/#\/schema\/logo\/image\/","url":"https:\/\/prousiesp.com.br\/wp-content\/uploads\/2021\/07\/prousiesp-progroup-2.png","contentUrl":"https:\/\/prousiesp.com.br\/wp-content\/uploads\/2021\/07\/prousiesp-progroup-2.png","width":215,"height":95,"caption":"Prousiesp"},"image":{"@id":"https:\/\/prousiesp.com.br\/#\/schema\/logo\/image\/"}}]}},"_links":{"self":[{"href":"https:\/\/prousiesp.com.br\/en\/wp-json\/wp\/v2\/pages\/2342","targetHints":{"allow":["GET"]}}],"collection":[{"href":"https:\/\/prousiesp.com.br\/en\/wp-json\/wp\/v2\/pages"}],"about":[{"href":"https:\/\/prousiesp.com.br\/en\/wp-json\/wp\/v2\/types\/page"}],"author":[{"embeddable":true,"href":"https:\/\/prousiesp.com.br\/en\/wp-json\/wp\/v2\/users\/1"}],"replies":[{"embeddable":true,"href":"https:\/\/prousiesp.com.br\/en\/wp-json\/wp\/v2\/comments?post=2342"}],"version-history":[{"count":0,"href":"https:\/\/prousiesp.com.br\/en\/wp-json\/wp\/v2\/pages\/2342\/revisions"}],"wp:attachment":[{"href":"https:\/\/prousiesp.com.br\/en\/wp-json\/wp\/v2\/media?parent=2342"}],"curies":[{"name":"wp","href":"https:\/\/api.w.org\/{rel}","templated":true}]}}